{"id":1127,"date":"2025-02-05T11:50:45","date_gmt":"2025-02-05T10:50:45","guid":{"rendered":"https:\/\/zdravyspanok.sk\/?page_id=1127"},"modified":"2026-04-12T20:11:42","modified_gmt":"2026-04-12T18:11:42","slug":"akreditovane-detske-spankove-laboratoria","status":"publish","type":"page","link":"https:\/\/zdravyspanok.sk\/?page_id=1127","title":{"rendered":"Detsk\u00e9 sp\u00e1nkov\u00e9 laborat\u00f3ria"},"content":{"rendered":"\n<p>Na z\u00e1klade platnej legislat\u00edvy v Slovenskej republike sa v detskom sp\u00e1nkovom laborat\u00f3riu\u00a0vy\u0161etruj\u00fa detsk\u00fd pacienti od novorodeneck\u00e9ho\u00a0veku po dov\u0155\u0161enie 19. roku \u017eivota.<\/p>\n\n\n\n<h2 class=\"wp-block-heading\">Mapa a zoznam detsk\u00fdch sp\u00e1nkov\u00fdch laborat\u00f3ri\u00ed<\/h2>\n\n\n\n<div style=\"width: 1000px; overflow: hidden; height: 600px;\">\n  <iframe loading=\"lazy\" \n     src=\"https:\/\/www.google.com\/maps\/d\/embed?mid=1XwYXTtP3gctLQPGFW8FtlD6tb0IH-oc&#038;ehbc=2E312F&#038;noprof=1\" \n     width=\"100%\"\n     height=\"600\"\n     frameborder=\"0\"\n     style=\"border:0; margin-top: -52px;\">\n  <\/iframe>\n<\/div>\n\n\n\n<figure class=\"wp-block-table\"><table><thead><tr><th class=\"has-text-align-left\" data-align=\"left\">N\u00e1zov<\/th><th class=\"has-text-align-left\" data-align=\"left\">Adresa<\/th><th>Telef\u00f3n<\/th><th>E-mail<\/th><\/tr><\/thead><tbody><tr><td class=\"has-text-align-left\" data-align=\"left\">Centrum detskej sp\u00e1nkovej medic\u00edny<\/td><td class=\"has-text-align-left\" data-align=\"left\">Klinika det\u00ed a dorastu JLF UK a UNM Univerzitn\u00e1 nemocnica Martin, Pavil\u00f3n 14 Koll\u00e1rova 2, 036 59 Martin<\/td><td>43\/4203162<\/td><td>spanokkdad@unm.sk<\/td><\/tr><tr><td class=\"has-text-align-left\" data-align=\"left\">Detsk\u00e9 sp\u00e1nkov\u00e9 laborat\u00f3rium N\u00daDTaRCH, n.o., Doln\u00fd Smokovec<\/td><td class=\"has-text-align-left\" data-align=\"left\">Doln\u00fd Smokovec 160 70<\/td><td>+421524412120<br>0904490544<\/td><td> spankove.laboratorium@nedtrch.sk<br>tomas.strachan@nudtrch.sk<\/td><\/tr><tr><td class=\"has-text-align-left\" data-align=\"left\">Sp\u00e1nkov\u00e9 laborat\u00f3rium pri Klinike Detskej PaF NUDCH Bratislava<\/td><td class=\"has-text-align-left\" data-align=\"left\">Limbova 1 Bratislava 833 40<\/td><td>02\/59731 kl. 184 kl.455<\/td><td>iveta.neuschlova@nudch.eu<br>pneumopb1@nudch.eu<\/td><\/tr><tr><td class=\"has-text-align-left\" data-align=\"left\">Sp\u00e1nkov\u00e9 laborat\u00f3rium pri Klinike detskej neurol\u00f3gie LFUK a NUDCH<\/td><td class=\"has-text-align-left\" data-align=\"left\">Limbova 1 Bratislava 833 40<\/td><td>02 59731 kl. 274<\/td><td>lucia.svecova@nudch.eu<\/td><\/tr><\/tbody><\/table><\/figure>\n","protected":false},"excerpt":{"rendered":"<p>Na z\u00e1klade platnej legislat\u00edvy v Slovenskej republike sa v detskom sp\u00e1nkovom laborat\u00f3riu\u00a0vy\u0161etruj\u00fa detsk\u00fd pacienti od novorodeneck\u00e9ho\u00a0veku po dov\u0155\u0161enie 19. roku \u017eivota. Mapa a zoznam detsk\u00fdch sp\u00e1nkov\u00fdch laborat\u00f3ri\u00ed N\u00e1zov Adresa Telef\u00f3n E-mail Centrum detskej sp\u00e1nkovej medic\u00edny Klinika det\u00ed a dorastu JLF UK a UNM Univerzitn\u00e1 nemocnica Martin, Pavil\u00f3n 14 Koll\u00e1rova 2, 036 59 Martin 43\/4203162 spanokkdad@unm.sk &hellip;<br \/><a href=\"https:\/\/zdravyspanok.sk\/?page_id=1127\" class=\"more-link pen_button pen_element_default pen_icon_arrow_double\">\u010c\u00edta\u0165 \u010falej <span class=\"screen-reader-text\">Detsk\u00e9 sp\u00e1nkov\u00e9 laborat\u00f3ria<\/span><\/a><\/p>\n","protected":false},"author":1,"featured_media":0,"parent":0,"menu_order":0,"comment_status":"closed","ping_status":"closed","template":"","meta":{"footnotes":""},"_links":{"self":[{"href":"https:\/\/zdravyspanok.sk\/index.php?rest_route=\/wp\/v2\/pages\/1127"}],"collection":[{"href":"https:\/\/zdravyspanok.sk\/index.php?rest_route=\/wp\/v2\/pages"}],"about":[{"href":"https:\/\/zdravyspanok.sk\/index.php?rest_route=\/wp\/v2\/types\/page"}],"author":[{"embeddable":true,"href":"https:\/\/zdravyspanok.sk\/index.php?rest_route=\/wp\/v2\/users\/1"}],"replies":[{"embeddable":true,"href":"https:\/\/zdravyspanok.sk\/index.php?rest_route=%2Fwp%2Fv2%2Fcomments&post=1127"}],"version-history":[{"count":5,"href":"https:\/\/zdravyspanok.sk\/index.php?rest_route=\/wp\/v2\/pages\/1127\/revisions"}],"predecessor-version":[{"id":1304,"href":"https:\/\/zdravyspanok.sk\/index.php?rest_route=\/wp\/v2\/pages\/1127\/revisions\/1304"}],"wp:attachment":[{"href":"https:\/\/zdravyspanok.sk\/index.php?rest_route=%2Fwp%2Fv2%2Fmedia&parent=1127"}],"curies":[{"name":"wp","href":"https:\/\/api.w.org\/{rel}","templated":true}]}}