{"id":1194,"date":"2025-10-21T23:42:46","date_gmt":"2025-10-21T21:42:46","guid":{"rendered":"https:\/\/zdravyspanok.sk\/?page_id=1194"},"modified":"2025-10-21T23:47:43","modified_gmt":"2025-10-21T21:47:43","slug":"prevadzka-spankoveho-laboratoria-2","status":"publish","type":"page","link":"https:\/\/zdravyspanok.sk\/?page_id=1194","title":{"rendered":"Prev\u00e1dzka sp\u00e1nkov\u00e9ho laborat\u00f3ria"},"content":{"rendered":"\n<p>Dokumenty dopom\u00e1haj\u00face k prev\u00e1dzke sp\u00e1nkov\u00e9ho laborat\u00f3ria<br>&#8211; AKTUALIZOVAN\u00c9 21.10.2025<\/p>\n\n\n\n<section class=\"wp-block-uagb-section uagb-section__wrap uagb-section__background-undefined uagb-block-4164024a download_box_overlay\"><div class=\"uagb-section__overlay\"><\/div><div class=\"uagb-section__inner-wrap\">\n<h2>Polysomnografick\u00e9 a videopolysomnografick\u00e9 vy\u0161etrenie Metodick\u00e9 odpor\u00fa\u010danie hlavn\u00e9ho odborn\u00edka MS SR <\/h2>\n<div class=\"wp-block-file zarovnanie_stiahnut\"><a href=\"https:\/\/zdravyspanok.sk\/wp-content\/uploads\/2025\/Polysomnografick%C3%A9%20a%20videopolysomnografick%C3%A9%20vy%C5%A1etrenie%20Metodick%C3%A9%20odpor%C3%BA%C4%8Danie%20hlavn%C3%A9ho%20odborn%C3%ADka%20MS%20SR.doc\" class=\"wp-block-file__button\" download=\"\">Stiahnu\u0165<\/a><\/div>\n<p><\/p>\n<\/div><\/section>\n\n\n\n<section class=\"wp-block-uagb-section uagb-section__wrap uagb-section__background-undefined uagb-block-4164024a download_box_overlay\"><div class=\"uagb-section__overlay\"><\/div><div class=\"uagb-section__inner-wrap\">\n<h2>MTZ a person\u00e1lne zabezp\u010denie SL  2025<\/h2>\n<div class=\"wp-block-file zarovnanie_stiahnut\"><a href=\"https:\/\/zdravyspanok.sk\/wp-content\/uploads\/2025\/MTZ%20a%20person%C3%A1lne%20zabezp%C4%8Denie%20SL%20%202025.docx\" class=\"wp-block-file__button\" download=\"\">Stiahnu\u0165<\/a><\/div>\n<p><\/p>\n<\/div><\/section>\n","protected":false},"excerpt":{"rendered":"<p>Dokumenty dopom\u00e1haj\u00face k prev\u00e1dzke sp\u00e1nkov\u00e9ho laborat\u00f3ria&#8211; AKTUALIZOVAN\u00c9 21.10.2025 Polysomnografick\u00e9 a videopolysomnografick\u00e9 vy\u0161etrenie Metodick\u00e9 odpor\u00fa\u010danie hlavn\u00e9ho odborn\u00edka MS SR Stiahnu\u0165 MTZ a person\u00e1lne zabezp\u010denie SL 2025 Stiahnu\u0165<\/p>\n","protected":false},"author":1,"featured_media":0,"parent":0,"menu_order":0,"comment_status":"closed","ping_status":"closed","template":"","meta":{"footnotes":""},"_links":{"self":[{"href":"https:\/\/zdravyspanok.sk\/index.php?rest_route=\/wp\/v2\/pages\/1194"}],"collection":[{"href":"https:\/\/zdravyspanok.sk\/index.php?rest_route=\/wp\/v2\/pages"}],"about":[{"href":"https:\/\/zdravyspanok.sk\/index.php?rest_route=\/wp\/v2\/types\/page"}],"author":[{"embeddable":true,"href":"https:\/\/zdravyspanok.sk\/index.php?rest_route=\/wp\/v2\/users\/1"}],"replies":[{"embeddable":true,"href":"https:\/\/zdravyspanok.sk\/index.php?rest_route=%2Fwp%2Fv2%2Fcomments&post=1194"}],"version-history":[{"count":4,"href":"https:\/\/zdravyspanok.sk\/index.php?rest_route=\/wp\/v2\/pages\/1194\/revisions"}],"predecessor-version":[{"id":1207,"href":"https:\/\/zdravyspanok.sk\/index.php?rest_route=\/wp\/v2\/pages\/1194\/revisions\/1207"}],"wp:attachment":[{"href":"https:\/\/zdravyspanok.sk\/index.php?rest_route=%2Fwp%2Fv2%2Fmedia&parent=1194"}],"curies":[{"name":"wp","href":"https:\/\/api.w.org\/{rel}","templated":true}]}}