{"id":1210,"date":"2026-02-06T08:27:33","date_gmt":"2026-02-06T07:27:33","guid":{"rendered":"https:\/\/zdravyspanok.sk\/?page_id=1210"},"modified":"2026-02-06T09:43:47","modified_gmt":"2026-02-06T08:43:47","slug":"webinar-skora-diagnostika-vybranych-plucnych-ochoreni-16-02-2026","status":"publish","type":"page","link":"https:\/\/zdravyspanok.sk\/?page_id=1210","title":{"rendered":"Webin\u00e1r Skor\u00e1 diagnostika vybran\u00fdch p\u013e\u00facnych ochoren\u00ed-16.02.2026"},"content":{"rendered":"\n<p>V\u00e1\u017een\u00e1 pani doktorka, v\u00e1\u017een\u00fd p\u00e1n doktor.<\/p>\n\n\n\n<p>radi by sme V\u00e1s pozvali na odborn\u00fd webin\u00e1r s\u00a0n\u00e1zvom\u00a0<strong>Skor\u00e1 diagnostika vybran\u00fdch p\u013e\u00facnych ochoren\u00ed<\/strong>,\u00a0ktor\u00fd sa uskuto\u010dn\u00ed\u00a0<strong>16.02.2026 o 17:00<\/strong>\u00a0 v online form\u00e1te.<\/p>\n\n\n\n<p>Program webin\u00e1ra:<\/p>\n\n\n\n<ul>\n<li><strong>Projekt \u010dasn\u00e9ho z\u00e1chytu CHOPN &#8211; definitivn\u00ed v\u00fdsledky\u00a0<\/strong>(20 min)- Kristi\u00e1n Brat (Brno, \u010cR)<\/li>\n\n\n\n<li><strong>Mo\u017enosti ambulantnej diagnostiky a screeningu por\u00fach d\u00fdchania \u00a0v sp\u00e1nku\u00a0<\/strong>(20 min) &#8211;\u00a0<em>Samuel Genzor<\/em>\u00a0(Olomouc, \u010cR)\u00a0<\/li>\n<\/ul>\n\n\n\n<p>Praktick\u00e9 inform\u00e1cie:<br>D\u00e1tum a&nbsp;\u010das webin\u00e1ra:&nbsp;<strong>16.02.2025 o 17:00<\/strong>&nbsp;Na registr\u00e1ciu na webin\u00e1r kliknite &nbsp;<strong><u><a href=\"https:\/\/forms.cloud.microsoft\/e\/pS0yJeZyBH\" target=\"_blank\" rel=\"noreferrer noopener\">sem<\/a><\/u><\/strong><br>Trvanie: 60 min\u00fat<\/p>\n\n\n\n<p>\u00da\u010das\u0165 na webin\u00e1ri je bezplatn\u00e1. Po registr\u00e1cii V\u00e1m za\u0161leme v\u0161etky potrebn\u00e9 inform\u00e1cie vr\u00e1tane pr\u00edstupu k webin\u00e1ru.<\/p>\n\n\n\n<p>Podujatie je podporen\u00e9 projektom 10I02-03-V01-0014 s n\u00e1zvom: &#8222;Posilnenie eduka\u010dn\u00fdch a v\u00fdskumn\u00fdch aktiv\u00edt v pneumol\u00f3gii v spolupr\u00e1ci so slovenskou diasp\u00f3rou&#8220;.<br>Te\u0161\u00edme sa na Va\u0161u \u00fa\u010das\u0165!<\/p>\n\n\n\n<p>S pozdravom,<br>Pavol Pobeha, Simona Bodn\u00e1rov\u00e1<br>LF UPJ\u0160<\/p>\n\n\n\n<figure class=\"wp-block-image aligncenter size-large is-resized\"><img decoding=\"async\" src=\"https:\/\/zdravyspanok.sk\/wp-content\/uploads\/2026\/02\/Webinar.JPG\" alt=\"\" width=\"50%\" height=\"50%\"\/><\/figure>\n","protected":false},"excerpt":{"rendered":"<p>V\u00e1\u017een\u00e1 pani doktorka, v\u00e1\u017een\u00fd p\u00e1n doktor. radi by sme V\u00e1s pozvali na odborn\u00fd webin\u00e1r s\u00a0n\u00e1zvom\u00a0Skor\u00e1 diagnostika vybran\u00fdch p\u013e\u00facnych ochoren\u00ed,\u00a0ktor\u00fd sa uskuto\u010dn\u00ed\u00a016.02.2026 o 17:00\u00a0 v online form\u00e1te. Program webin\u00e1ra: Praktick\u00e9 inform\u00e1cie:D\u00e1tum a&nbsp;\u010das webin\u00e1ra:&nbsp;16.02.2025 o 17:00&nbsp;Na registr\u00e1ciu na webin\u00e1r kliknite &nbsp;semTrvanie: 60 min\u00fat \u00da\u010das\u0165 na webin\u00e1ri je bezplatn\u00e1. Po registr\u00e1cii V\u00e1m za\u0161leme v\u0161etky potrebn\u00e9 inform\u00e1cie vr\u00e1tane pr\u00edstupu &hellip;<br \/><a href=\"https:\/\/zdravyspanok.sk\/?page_id=1210\" class=\"more-link pen_button pen_element_default pen_icon_arrow_double\">\u010c\u00edta\u0165 \u010falej <span class=\"screen-reader-text\">Webin\u00e1r Skor\u00e1 diagnostika vybran\u00fdch p\u013e\u00facnych ochoren\u00ed-16.02.2026<\/span><\/a><\/p>\n","protected":false},"author":1,"featured_media":0,"parent":0,"menu_order":0,"comment_status":"closed","ping_status":"closed","template":"","meta":{"footnotes":""},"_links":{"self":[{"href":"https:\/\/zdravyspanok.sk\/index.php?rest_route=\/wp\/v2\/pages\/1210"}],"collection":[{"href":"https:\/\/zdravyspanok.sk\/index.php?rest_route=\/wp\/v2\/pages"}],"about":[{"href":"https:\/\/zdravyspanok.sk\/index.php?rest_route=\/wp\/v2\/types\/page"}],"author":[{"embeddable":true,"href":"https:\/\/zdravyspanok.sk\/index.php?rest_route=\/wp\/v2\/users\/1"}],"replies":[{"embeddable":true,"href":"https:\/\/zdravyspanok.sk\/index.php?rest_route=%2Fwp%2Fv2%2Fcomments&post=1210"}],"version-history":[{"count":6,"href":"https:\/\/zdravyspanok.sk\/index.php?rest_route=\/wp\/v2\/pages\/1210\/revisions"}],"predecessor-version":[{"id":1219,"href":"https:\/\/zdravyspanok.sk\/index.php?rest_route=\/wp\/v2\/pages\/1210\/revisions\/1219"}],"wp:attachment":[{"href":"https:\/\/zdravyspanok.sk\/index.php?rest_route=%2Fwp%2Fv2%2Fmedia&parent=1210"}],"curies":[{"name":"wp","href":"https:\/\/api.w.org\/{rel}","templated":true}]}}