{"id":1220,"date":"2026-02-06T09:48:00","date_gmt":"2026-02-06T08:48:00","guid":{"rendered":"https:\/\/zdravyspanok.sk\/?page_id=1220"},"modified":"2026-02-06T10:31:36","modified_gmt":"2026-02-06T09:31:36","slug":"xxii-slovensko-cesky-a-xxvii-cesky-kongres-spankovej-mediciny","status":"publish","type":"page","link":"https:\/\/zdravyspanok.sk\/?page_id=1220","title":{"rendered":"XXII. Slovensko-\u010desk\u00fd a XXVII. \u010cesk\u00fd kongres SP\u00c1NKOVEJ MEDIC\u00cdNY"},"content":{"rendered":"\n<iframe loading=\"lazy\" \n    src=\"https:\/\/zdravyspanok.sk\/wp-content\/uploads\/2026\/02\/SPM_2026.pdf\"\n    width=\"100%\"\n    height=\"800px\">\n<\/iframe>\n","protected":false},"excerpt":{"rendered":"","protected":false},"author":1,"featured_media":0,"parent":0,"menu_order":0,"comment_status":"closed","ping_status":"closed","template":"","meta":{"footnotes":""},"_links":{"self":[{"href":"https:\/\/zdravyspanok.sk\/index.php?rest_route=\/wp\/v2\/pages\/1220"}],"collection":[{"href":"https:\/\/zdravyspanok.sk\/index.php?rest_route=\/wp\/v2\/pages"}],"about":[{"href":"https:\/\/zdravyspanok.sk\/index.php?rest_route=\/wp\/v2\/types\/page"}],"author":[{"embeddable":true,"href":"https:\/\/zdravyspanok.sk\/index.php?rest_route=\/wp\/v2\/users\/1"}],"replies":[{"embeddable":true,"href":"https:\/\/zdravyspanok.sk\/index.php?rest_route=%2Fwp%2Fv2%2Fcomments&post=1220"}],"version-history":[{"count":8,"href":"https:\/\/zdravyspanok.sk\/index.php?rest_route=\/wp\/v2\/pages\/1220\/revisions"}],"predecessor-version":[{"id":1236,"href":"https:\/\/zdravyspanok.sk\/index.php?rest_route=\/wp\/v2\/pages\/1220\/revisions\/1236"}],"wp:attachment":[{"href":"https:\/\/zdravyspanok.sk\/index.php?rest_route=%2Fwp%2Fv2%2Fmedia&parent=1220"}],"curies":[{"name":"wp","href":"https:\/\/api.w.org\/{rel}","templated":true}]}}