{"id":1278,"date":"2026-04-07T08:35:21","date_gmt":"2026-04-07T06:35:21","guid":{"rendered":"https:\/\/zdravyspanok.sk\/?page_id=1278"},"modified":"2026-04-07T08:47:22","modified_gmt":"2026-04-07T06:47:22","slug":"cestovanie-s-cpap-pristrojom","status":"publish","type":"page","link":"https:\/\/zdravyspanok.sk\/?page_id=1278","title":{"rendered":"Cestovanie s CPAP pr\u00edstrojom"},"content":{"rendered":"\n<!DOCTYPE html>\n<html lang=\"sk\">\n<head>\n<meta charset=\"UTF-8\">\n<title>Cestovanie s CPAP pr\u00edstrojom<\/title>\n\n<style>\nbody{\n    margin:0;\n    padding:40px;\n    font-family: Arial, Helvetica, sans-serif;\n    line-height:1.6;\n}\n\n.container{\n    width:100%;\n    max-width:100%;\n}\n\nh2{\n    margin-top:40px;\n}\n\nh3{\n    margin-top:25px;\n}\n\nul, ol{\n    margin-left:20px;\n}\n<\/style>\n\n<\/head>\n\n<body>\n\n<div class=\"container\">\n\n\n\n<p>\nCestovanie s CPAP pr\u00edstrojom nemus\u00ed by\u0165 komplikovan\u00e9. \u010ci u\u017e let\u00edte lietadlom, alebo sa chyst\u00e1te na v\u00fdlet autom, je \u013eahk\u00e9 pokra\u010dova\u0165 v lie\u010dbe sp\u00e1nkov\u00e9ho apnoe aj mimo domova.\n<\/p>\n\n<p>\nV skuto\u010dnosti je nevyhnutn\u00e9 dodr\u017eiava\u0165 CPAP terapiu aj po\u010das cestovania, aby ste si udr\u017eali dobr\u00fa kvalitu sp\u00e1nku, predch\u00e1dzali dennej \u00fanave a tie\u017e pre ochranu v\u00e1\u0161ho dlhodob\u00e9ho zdravia. S trochou pr\u00edpravy m\u00f4\u017eete cestova\u0165 pohodlne a nepreru\u0161i\u0165 pritom CPAP lie\u010dbu.\n<\/p>\n\n<p>\nNi\u017e\u0161ie uv\u00e1dzame praktick\u00e9 tipy, ktor\u00e9 v\u00e1m pom\u00f4\u017eu bezpe\u010dne cestova\u0165 s va\u0161\u00edm CPAP pr\u00edstrojom.\n<\/p>\n\n<h2>M\u00f4\u017eete cestova\u0165 s CPAP pr\u00edstrojom?<\/h2>\n\n<p>\n\u00c1no. CPAP pr\u00edstroje s\u00fa navrhnut\u00e9 tak, aby boli prenosn\u00e9 a daj\u00fa sa bezpe\u010dne pou\u017e\u00edva\u0165 aj po\u010das cestovania. Leteck\u00e9 spolo\u010dnosti, hotely a poskytovatelia dopravy poznaj\u00fa zariadenia CPAP, preto\u017ee ich pou\u017e\u00edva ve\u013ea \u013eud\u00ed pri lie\u010dbe sp\u00e1nkov\u00e9ho apnoe.\n<\/p>\n\n<p>\nV\u00e4\u010d\u0161ina modern\u00fdch CPAP pr\u00edstrojov je kompaktn\u00e1 a \u013eahko sa bal\u00ed, v\u010faka \u010domu s\u00fa vhodn\u00e9 na:\n<\/p>\n\n<ul>\n<li>Lety<\/li>\n<li>V\u00fdlety autom<\/li>\n<li>Kempingy<\/li>\n<li>Slu\u017eobn\u00e9 cesty<\/li>\n<li>Medzin\u00e1rodn\u00e9 cestovanie<\/li>\n<\/ul>\n\n<p>\nD\u00f4le\u017eit\u00e9 je vopred pl\u00e1nova\u0165 a zisti\u0165 si v\u0161etky podmienky a po\u017eiadavky, aby ste mali v\u0161etko, \u010do potrebujete pre neru\u0161en\u00fa terapiu.\n<\/p>\n\n<h2>Tipy na cestovanie lietadlom s pr\u00edstrojom CPAP<\/h2>\n\n<p>\nCestovanie lietadlom je jednou z naj\u010dastej\u0161\u00edch ob\u00e1v pou\u017e\u00edvate\u013eov CPAP. CPAP je pova\u017eovan\u00fd za nevyhnutn\u00fa zdravotn\u00fa pom\u00f4cku. Leteck\u00e9 spolo\u010dnosti povo\u013euj\u00fa prepravu pr\u00edstrojov CPAP na palube a vo v\u00e4\u010d\u0161ine pr\u00edpadov sa CPAP nepo\u010d\u00edta do limitu pr\u00edru\u010dnej bato\u017einy. D\u00f4le\u017eit\u00e1 je v\u0161ak pr\u00edprava a v\u010dasn\u00e1 komunik\u00e1cia s leteckou spolo\u010dnos\u0165ou. Ak pl\u00e1nujete pou\u017e\u00edva\u0165 CPAP pr\u00edstroj po\u010das letu, overte si pravidl\u00e1 leteckej spolo\u010dnosti pred odletom:\n<\/p>\n\n<ul>\n<li>overte si ozna\u010denie &#8222;FAA Approved&#8220; na spodnej strane pr\u00edstroja. Znamen\u00e1 to, \u017ee pr\u00edstroj je plne kompatibiln\u00fd a nebude probl\u00e9m ma\u0165 ho na palube lietadla.<\/li>\n<li>niekedy budete potrebova\u0165 \u0161peci\u00e1lny lek\u00e1rsky formul\u00e1r \u2013 potvrdenie, \u017ee pr\u00edstroj naozaj pou\u017e\u00edvate<\/li>\n<li>ozn\u00e1mte prepravu pr\u00edstroja aspo\u0148 48 hod\u00edn pred letom &#8211; z\u00e1le\u017e\u00ed od leteckej spolo\u010dnosti<\/li>\n<\/ul>\n\n<h3>1. Zaba\u013ete si CPAP do pr\u00edru\u010dnej bato\u017einy<\/h3>\n\n<ul>\n<li>pred zabalen\u00edm pr\u00edstroja vypr\u00e1zdnite a vysu\u0161te n\u00e1dr\u017eku na vodu (riziko po\u0161kodenia elektroniky)<\/li>\n<li>pr\u00edstroj CPAP majte v\u017edy pri sebe. Neodovzd\u00e1vajte ho spolu s bato\u017einou, pred\u00eddete t\u00fdm jeho po\u0161kodeniu alebo strate<\/li>\n<li>v\u00e4\u010d\u0161ina pr\u00edstrojov sa dod\u00e1va s cestovn\u00fdm puzdrom \u0161peci\u00e1lne navrhnut\u00fdm na cestovanie lietadlom<\/li>\n<li>v ta\u0161ke so CPAP pr\u00edstrojom by v\u0161ak nemali by\u0165 \u017eiadne in\u00e9 osobn\u00e9 veci, inak m\u00f4\u017ee by\u0165 zapo\u010d\u00edtan\u00e1 do limitu bato\u017einy<\/li>\n<\/ul>\n\n<h3>2. Bezpe\u010dnostn\u00e1 kontrola (letisk\u00e1)<\/h3>\n\n<ul>\n<li>r\u00f6ntgen: pr\u00edstroj mus\u00edte vybra\u0165 z ta\u0161ky a vlo\u017ei\u0165 do samostatn\u00e9ho boxu (podobne ako notebook)<\/li>\n<li>hygiena: pr\u00edstroj m\u00f4\u017eete vlo\u017ei\u0165 do \u010dist\u00e9ho prieh\u013eadn\u00e9ho plastov\u00e9ho vrecka, aby ste ho ochr\u00e1nili pred kontaktom s boxom<\/li>\n<li>kontrola na v\u00fdbu\u0161niny: pracovn\u00edk bezpe\u010dnosti m\u00f4\u017ee pr\u00edstroj utrie\u0165 \u0161peci\u00e1lnym tamp\u00f3nom. M\u00e1te pr\u00e1vo po\u017eiada\u0165 o nov\u00e9 rukavice a nov\u00fd tamp\u00f3n<\/li>\n<\/ul>\n\n<h3>3. Nap\u00e1janie a bat\u00e9rie<\/h3>\n\n<ul>\n<li>nespoliehajte sa na z\u00e1suvku: z\u00e1suvky v lietadl\u00e1ch nie s\u00fa garantovan\u00e9 a \u010dasto nemusia ma\u0165 dostato\u010dn\u00fd v\u00fdkon<\/li>\n<li>extern\u00e9 bat\u00e9rie: overte si, \u017ee ich m\u00e1te plne nabit\u00e9. Musia by\u0165 v pr\u00edru\u010dnej bato\u017eine (v podpalub\u00ed s\u00fa zak\u00e1zan\u00e9)<\/li>\n<\/ul>\n\n<h3>4. Zoberte si potrebn\u00e9 pr\u00edslu\u0161enstvo<\/h3>\n\n<p>Pred odchodom si nezabudnite zbali\u0165:<\/p>\n\n<ul>\n<li>masku a hadicu<\/li>\n<li>nap\u00e1jac\u00ed k\u00e1bel, predl\u017eova\u010dku a adapt\u00e9ry<\/li>\n<li>voda do zvlh\u010dova\u010da: pred cestou n\u00e1dr\u017eku \u00faplne vypr\u00e1zdnite a vysu\u0161te<\/li>\n<li>destilovan\u00e1 voda \u2013 cez kontrolu m\u00f4\u017eete prenies\u0165 len obmedzen\u00e9 mno\u017estvo tekut\u00edn. Vhodnej\u0161ie je zak\u00fapi\u0165 si vodu a\u017e v cie\u013eovej destin\u00e1cii<\/li>\n<\/ul>\n\n<h3>5. Prineste si k\u00f3piu svojho predpisu<\/h3>\n\n<p>\nHoci sa to zriedka vy\u017eaduje, lek\u00e1rske potvrdenie o tom, \u017ee pou\u017e\u00edvate CPAP pr\u00edstroj, m\u00f4\u017ee pom\u00f4c\u0165, ak sa na va\u0161e zariadenie bud\u00fa p\u00fdta\u0165 zamestnanci letiskovej bezpe\u010dnostnej slu\u017eby alebo leteckej spolo\u010dnosti.\n<\/p>\n\n<h2>Tipy na pou\u017e\u00edvanie CPAP pr\u00edstroja na cest\u00e1ch<\/h2>\n\n<p>\nCesty autom s\u00fa pre pou\u017e\u00edvate\u013eov CPAP pr\u00edstroja \u010dasto jednoduch\u0161ie, preto\u017ee maj\u00fa v\u00e4\u010d\u0161iu kontrolu nad svoj\u00edm vybaven\u00edm a cestovn\u00fdm harmonogramom.\n<\/p>\n\n<h3>1. Bezpe\u010dne si zaba\u013ete vybavenie<\/h3>\n\n<p>\nUmiestnite svoj CPAP pr\u00edstroj do ochrann\u00e9ho puzdra a majte ho pr\u00edstupn\u00fd v aute, namiesto toho, aby bol zabalen\u00fd v kufri. Priba\u013ete si pr\u00edslu\u0161enstvo ako masku, hadicu, destilovan\u00fa vodu.\n<\/p>\n\n<h3>2. Napl\u00e1nujte si pr\u00edstup k elektrickej energii<\/h3>\n\n<p>\nAk b\u00fdvate v hoteloch, elektrick\u00e9 z\u00e1suvky bud\u00fa zvy\u010dajne k dispoz\u00edcii v bl\u00edzkosti postele. Ak kempujete alebo sa zdr\u017eiavate niekde bez elektriny, zv\u00e1\u017ete:\n<\/p>\n\n<ul>\n<li>prenosn\u00fa bat\u00e9riu CPAP<\/li>\n<li>cestovn\u00fd CPAP pr\u00edstroj ur\u010den\u00fd na pou\u017eitie mimo siete<\/li>\n<li>skontrolujte kompatibilitu nap\u00e4tia v cie\u013eovej destin\u00e1cii<\/li>\n<li>mnoh\u00e9 CPAP pr\u00edstroje sa automaticky prisp\u00f4sobuj\u00fa r\u00f4znym nap\u00e4tiam, ale st\u00e1le m\u00f4\u017eete potrebova\u0165 adapt\u00e9r<\/li>\n<\/ul>\n\n<h3>3. Voda do zvlh\u010dova\u010da, pravideln\u00e9 \u010distenie<\/h3>\n\n<p>\nAj po\u010das cestovania je d\u00f4le\u017eit\u00e9 udr\u017eiava\u0165 CPAP pr\u00edstroj a masku \u010dist\u00e9, aby sa zachovala hygiena a v\u00fdkon.\n<\/p>\n\n<p>\nAk je to mo\u017en\u00e9, prineste si destilovan\u00fa vodu. Ak destilovan\u00e1 voda nie je k dispoz\u00edcii, m\u00f4\u017eete do\u010dasne pou\u017ei\u0165 balen\u00fa vodu.\n<\/p>\n\n<h3>4. Dodr\u017eujte svoj sp\u00e1nkov\u00fd re\u017eim aj na cest\u00e1ch<\/h3>\n\n<p>\n\u010casov\u00fd posun, \u010di zmeny v rozvrhu m\u00f4\u017eu s\u0165a\u017ei\u0165 sp\u00e1nok. Pravideln\u00e9 pou\u017e\u00edvanie CPAP pr\u00edstroja pom\u00e1ha udr\u017eiava\u0165 kvalitu sp\u00e1nku a z\u00e1rove\u0148 sa prisp\u00f4sobova\u0165 nov\u00e9mu prostrediu.\n<\/p>\n\n<p>\nZmeny teploty po\u010das cestovania m\u00f4\u017eu ovplyvni\u0165 va\u0161u terapiu. Napr\u00edklad chladnej\u0161ie prostredie m\u00f4\u017ee vy\u017eadova\u0165 in\u00e9 nastavenia zvlh\u010dova\u010da.\n<\/p>\n\n<p>\nJednou z najv\u00e4\u010d\u0161\u00edch v\u00fdziev pri cestovan\u00ed je dodr\u017eiavanie rutiny. Vynechanie CPAP terapie, aj ke\u010f len na nieko\u013eko noc\u00ed, m\u00f4\u017ee vies\u0165 k zl\u00e9mu sp\u00e1nku a dennej \u00fanave. Pravidelnos\u0165 pom\u00e1ha zabezpe\u010di\u0165, aby bola va\u0161a lie\u010dba efekt\u00edvna aj na cest\u00e1ch.\n<\/p>\n\n<h3>5. \u010casto kladen\u00e9 ot\u00e1zky<\/h3>\n\n<p><strong>M\u00f4\u017eem si vzia\u0165 CPAP pr\u00edstroj do lietadla?<\/strong> \u00c1no. CPAP pr\u00edstroje sa pova\u017euj\u00fa za zdravotn\u00edcke pom\u00f4cky a s\u00fa povolen\u00e9 vo v\u00e4\u010d\u0161ine leteck\u00fdch spolo\u010dnost\u00ed. Zvy\u010dajne sa nezapo\u010d\u00edtavaj\u00fa do limitu pr\u00edru\u010dnej bato\u017einy, ale v\u017edy je dobr\u00e9 si pred cestou overi\u0165 pravidl\u00e1 va\u0161ej leteckej spolo\u010dnosti.<\/p>\n\n<p><strong>Potrebujem \u0161peci\u00e1lny cestovn\u00fd CPAP pr\u00edstroj?<\/strong> Nie, v\u00e4\u010d\u0161ina \u0161tandardn\u00fdch CPAP pr\u00edstrojov je prenosn\u00e1 a ur\u010den\u00e1 na cestovanie. Niektor\u00ed \u013eudia si v\u0161ak pre pohodlie vyberaj\u00fa men\u0161ie cestovn\u00e9 modely CPAP, najm\u00e4 pri \u010dast\u00fdch cest\u00e1ch alebo kempovan\u00ed.<\/p>\n\n<p><strong>M\u00f4\u017eem vynecha\u0165 CPAP terapiu po\u010das cestovania?<\/strong> Neodpor\u00fa\u010da sa to. Vynechanie CPAP terapie hoci len na nieko\u013eko noc\u00ed m\u00f4\u017ee sp\u00f4sobi\u0165 zl\u00fd sp\u00e1nok, denn\u00fa \u00fanavu a n\u00e1vrat pr\u00edznakov sp\u00e1nkov\u00e9ho apnoe. Nosenie CPAP pr\u00edstroja so sebou pom\u00e1ha udr\u017eiava\u0165 konzistentn\u00fa lie\u010dbu a lep\u0161\u00ed sp\u00e1nok aj mimo domova.<\/p>\n\n<\/div>\n\n<\/body>\n<\/html>\n","protected":false},"excerpt":{"rendered":"<p>Cestovanie s CPAP pr\u00edstrojom Cestovanie s CPAP pr\u00edstrojom nemus\u00ed by\u0165 komplikovan\u00e9. \u010ci u\u017e let\u00edte lietadlom, alebo sa chyst\u00e1te na v\u00fdlet autom, je \u013eahk\u00e9 pokra\u010dova\u0165 v lie\u010dbe sp\u00e1nkov\u00e9ho apnoe aj mimo domova. V skuto\u010dnosti je nevyhnutn\u00e9 dodr\u017eiava\u0165 CPAP terapiu aj po\u010das cestovania, aby ste si udr\u017eali dobr\u00fa kvalitu sp\u00e1nku, predch\u00e1dzali dennej \u00fanave a tie\u017e pre ochranu &hellip;<br \/><a href=\"https:\/\/zdravyspanok.sk\/?page_id=1278\" class=\"more-link pen_button pen_element_default pen_icon_arrow_double\">\u010c\u00edta\u0165 \u010falej <span class=\"screen-reader-text\">Cestovanie s CPAP pr\u00edstrojom<\/span><\/a><\/p>\n","protected":false},"author":1,"featured_media":0,"parent":0,"menu_order":0,"comment_status":"closed","ping_status":"closed","template":"","meta":{"footnotes":""},"_links":{"self":[{"href":"https:\/\/zdravyspanok.sk\/index.php?rest_route=\/wp\/v2\/pages\/1278"}],"collection":[{"href":"https:\/\/zdravyspanok.sk\/index.php?rest_route=\/wp\/v2\/pages"}],"about":[{"href":"https:\/\/zdravyspanok.sk\/index.php?rest_route=\/wp\/v2\/types\/page"}],"author":[{"embeddable":true,"href":"https:\/\/zdravyspanok.sk\/index.php?rest_route=\/wp\/v2\/users\/1"}],"replies":[{"embeddable":true,"href":"https:\/\/zdravyspanok.sk\/index.php?rest_route=%2Fwp%2Fv2%2Fcomments&post=1278"}],"version-history":[{"count":3,"href":"https:\/\/zdravyspanok.sk\/index.php?rest_route=\/wp\/v2\/pages\/1278\/revisions"}],"predecessor-version":[{"id":1284,"href":"https:\/\/zdravyspanok.sk\/index.php?rest_route=\/wp\/v2\/pages\/1278\/revisions\/1284"}],"wp:attachment":[{"href":"https:\/\/zdravyspanok.sk\/index.php?rest_route=%2Fwp%2Fv2%2Fmedia&parent=1278"}],"curies":[{"name":"wp","href":"https:\/\/api.w.org\/{rel}","templated":true}]}}