{"id":264,"date":"2021-04-06T11:07:32","date_gmt":"2021-04-06T09:07:32","guid":{"rendered":"https:\/\/localhost\/wordpress\/?page_id=264"},"modified":"2024-05-16T00:36:26","modified_gmt":"2024-05-15T22:36:26","slug":"archiv","status":"publish","type":"page","link":"https:\/\/zdravyspanok.sk\/?page_id=264","title":{"rendered":"Arch\u00edv"},"content":{"rendered":"<div class=\"wp-block-image\">\n<figure class=\"aligncenter size-large is-resized\"><img decoding=\"async\" src=\"https:\/\/zdravyspanok.sk\/wp-content\/uploads\/2023\/obezita_kongres.JPG\" alt=\"\" style=\"aspect-ratio:0.7122002085505735;width:727px;height:auto\"\/><\/figure><\/div>\n\n\n<p>Abstrakty je potrebn\u00e9 posla\u0165 elektronicky prostredn\u00edctvom webovej str\u00e1nky<\/p>\n\n\n\n<p><strong><a href=\"http:\/\/www.obezitologickedni2023.sk\/\" rel=\"noreferrer noopener\" target=\"_blank\">www.obezitologickedni2023.sk<\/a>&nbsp;<\/strong>najnesk\u00f4r do&nbsp;<strong>3. 9. 2023.<\/strong><\/p>\n\n\n\n<p>Registra\u010dn\u00fd poplatok vo v\u00fd\u0161ke 10 eur je ur\u010den\u00fd v\u00fdhradne pre \u010dlenov SOA, ktor\u00ed maj\u00fa uhraden\u00fd \u010dlensk\u00fd poplatok za rok 2023.<\/p>\n\n\n\n<blockquote class=\"wp-block-quote is-layout-flow wp-block-quote-is-layout-flow\">\n<p><\/p>\n\n\n\n<hr class=\"wp-block-separator has-alpha-channel-opacity\"\/>\n\n\n\n<div style=\"height:100px\" aria-hidden=\"true\" class=\"wp-block-spacer\"><\/div>\n<\/blockquote>\n\n\n\n<section class=\"wp-block-uagb-section uagb-section__wrap uagb-section__background-undefined uagb-block-6d44f4cb download_box_overlay\"><div class=\"uagb-section__overlay\"><\/div><div class=\"uagb-section__inner-wrap\">\r\n<h2>Pozv\u00e1nka na webin\u00e1re o sp\u00e1nku a jeho poruch\u00e1ch 2022 <\/h2>\r\n<div class=\"wp-block-file zarovnanie_stiahnut\"><a href=\"https:\/\/zdravyspanok.sk\/wp-content\/uploads\/2022\/01\/webin%C3%A1%C5%99e%20o%20sp%C3%A1nku%20a%20jeho%20poruch%C3%A1ch%202022_pozv%C3%A1nka.pdf\" class=\"wp-block-file__button\" download=\"\">Stiahnu\u0165<\/a><\/div>\r\n<\/div><\/section>\n\n\n\n<p><\/p>\n\n\n\n<p><\/p>\n\n\n\n<p><\/p>\n\n\n\n<p><\/p>\n\n\n\n<p><\/p>\n\n\n\n<p><\/p>\n\n\n\n<blockquote class=\"wp-block-quote is-layout-flow wp-block-quote-is-layout-flow\">\n<p><\/p>\n\n\n\n<hr class=\"wp-block-separator has-alpha-channel-opacity\"\/>\n\n\n\n<div style=\"height:100px\" aria-hidden=\"true\" class=\"wp-block-spacer\"><\/div>\n<\/blockquote>\n\n\n\n<figure class=\"wp-block-image\"><img decoding=\"async\" src=\"https:\/\/zdravyspanok.sk\/wp-content\/uploads\/2023\/kongres%20zilina.JPG\" alt=\"\"\/><\/figure>\n\n\n\n<p class=\"has-medium-font-size\"><strong>Podrobn\u00e9 inform\u00e1cie o podujat\u00ed n\u00e1jdete TU: <a href=\"https:\/\/www.kongres-kami.sk\/halakovedni\/\" data-type=\"URL\" data-id=\"https:\/\/www.kongres-kami.sk\/halakovedni\/\">XXIV. \u010cesk\u00fd a XIX. \u010cesko-Slovensk\u00fd kongres sp\u00e1nkovej medic\u00edny a XII. Ha\u013e\u00e1kove dni<\/a><\/strong><\/p>\n\n\n\n<figure class=\"wp-block-image\"><img decoding=\"async\" src=\"https:\/\/zdravyspanok.sk\/wp-content\/uploads\/2021\/07\/konferencia.jpg\" alt=\"\"\/><\/figure>\n\n\n\n<h2 class=\"wp-block-heading\"><strong>XXII. \u010cESK\u00dd A XVII. \u010cESKO-SLOVENSK\u00dd KONGRES SP\u00c1NKOV\u00c9 MEDIC\u00cdNY<\/strong><\/h2>\n\n\n\n<p><strong>D\u00e1tum konania:<\/strong> 18. &#8211; 20. november 2021<\/p>\n\n\n\n<p><strong>Miesto konania:<\/strong> Vienna House Easy, Plze\u0148<\/p>\n\n\n\n<p><strong>Term\u00edn zasielania abstraktov:<\/strong> do 10.9.2021<\/p>\n\n\n\n<p><strong>Podrobn\u00e9 inform\u00e1cie o podujat\u00ed n\u00e1jdete TU: <\/strong><a href=\"https:\/\/mhconsulting.cz\/kongres\/81-xxii-cesky-a-xvii-cesko-slovensky-kongres-spankove-mediciny-18-20-listopadu-2021\/obecne-informace\">XXII. \u010cESK\u00dd A XVII. \u010cESKO-SLOVENSK\u00dd KONGRES SP\u00c1NKOV\u00c9 MEDIC\u00cdNY<\/a><\/p>\n\n\n\n<p><\/p>\n\n\n\n<div class=\"wp-block-group\"><div class=\"wp-block-group__inner-container is-layout-flow wp-block-group-is-layout-flow\">\n<hr class=\"wp-block-separator has-css-opacity\"\/>\n\n\n\n<p><\/p>\n<\/div><\/div>\n\n\n\n<p><\/p>\n\n\n\n<section class=\"wp-block-uagb-section uagb-section__wrap uagb-section__background-undefined uagb-block-6d44f4cb download_box_overlay\"><div class=\"uagb-section__overlay\"><\/div><div class=\"uagb-section__inner-wrap\">\n<h2>Webin\u00e1r o narkolepsii 02.02.2021 <\/h2>\n<div class=\"wp-block-file zarovnanie_stiahnut\"><a href=\"https:\/\/zdravyspanok.sk\/wp-content\/uploads\/2021\/05\/WEBINAR-Narkolepsia.pdf\" class=\"wp-block-file__button\" download=\"\">Stiahnu\u0165<\/a><\/div>\n<\/div><\/section>\n\n\n\n<h2 class=\"wp-block-heading\"><\/h2>\n\n\n\n<p><\/p>\n","protected":false},"excerpt":{"rendered":"<p>Abstrakty je potrebn\u00e9 posla\u0165 elektronicky prostredn\u00edctvom webovej str\u00e1nky www.obezitologickedni2023.sk&nbsp;najnesk\u00f4r do&nbsp;3. 9. 2023. Registra\u010dn\u00fd poplatok vo v\u00fd\u0161ke 10 eur je ur\u010den\u00fd v\u00fdhradne pre \u010dlenov SOA, ktor\u00ed maj\u00fa uhraden\u00fd \u010dlensk\u00fd poplatok za rok 2023. Pozv\u00e1nka na webin\u00e1re o sp\u00e1nku a jeho poruch\u00e1ch 2022 Stiahnu\u0165 Podrobn\u00e9 inform\u00e1cie o podujat\u00ed n\u00e1jdete TU: XXIV. \u010cesk\u00fd a XIX. \u010cesko-Slovensk\u00fd kongres sp\u00e1nkovej &hellip;<br \/><a href=\"https:\/\/zdravyspanok.sk\/?page_id=264\" class=\"more-link pen_button pen_element_default pen_icon_arrow_double\">\u010c\u00edta\u0165 \u010falej <span class=\"screen-reader-text\">Arch\u00edv<\/span><\/a><\/p>\n","protected":false},"author":1,"featured_media":0,"parent":0,"menu_order":0,"comment_status":"closed","ping_status":"closed","template":"","meta":{"footnotes":""},"_links":{"self":[{"href":"https:\/\/zdravyspanok.sk\/index.php?rest_route=\/wp\/v2\/pages\/264"}],"collection":[{"href":"https:\/\/zdravyspanok.sk\/index.php?rest_route=\/wp\/v2\/pages"}],"about":[{"href":"https:\/\/zdravyspanok.sk\/index.php?rest_route=\/wp\/v2\/types\/page"}],"author":[{"embeddable":true,"href":"https:\/\/zdravyspanok.sk\/index.php?rest_route=\/wp\/v2\/users\/1"}],"replies":[{"embeddable":true,"href":"https:\/\/zdravyspanok.sk\/index.php?rest_route=%2Fwp%2Fv2%2Fcomments&post=264"}],"version-history":[{"count":9,"href":"https:\/\/zdravyspanok.sk\/index.php?rest_route=\/wp\/v2\/pages\/264\/revisions"}],"predecessor-version":[{"id":1052,"href":"https:\/\/zdravyspanok.sk\/index.php?rest_route=\/wp\/v2\/pages\/264\/revisions\/1052"}],"wp:attachment":[{"href":"https:\/\/zdravyspanok.sk\/index.php?rest_route=%2Fwp%2Fv2%2Fmedia&parent=264"}],"curies":[{"name":"wp","href":"https:\/\/api.w.org\/{rel}","templated":true}]}}