{"id":274,"date":"2021-04-06T11:11:30","date_gmt":"2021-04-06T09:11:30","guid":{"rendered":"https:\/\/localhost\/wordpress\/?page_id=274"},"modified":"2022-04-14T10:52:51","modified_gmt":"2022-04-14T08:52:51","slug":"odporucana-literatura","status":"publish","type":"page","link":"https:\/\/zdravyspanok.sk\/?page_id=274","title":{"rendered":"Odpor\u00fa\u010dan\u00e1 literat\u00fara"},"content":{"rendered":"\n<p>Nev\u0161\u00edmalov\u00e1 S, \u0160onka K et al. &#8211; Poruchy sp\u00e1nku a\u00a0bd\u011bn\u00ed &#8211; Druh\u00e9, dopln\u011bn\u00e9 a p\u0159epracovan\u00e9 vyd\u00e1n\u00ed &#8211; Vydavatel: Gal\u00e9n &#8211; Vyd\u00e1n\u00ed: druh\u00e9, 2007<\/p>\n\n\n\n<div class=\"wp-block-group is-layout-flex wp-block-group-is-layout-flex\"><\/div>\n\n\n\n<p>Nev\u0161\u00edmalov\u00e1 S, \u0160onka K et al. &#8211; Poruchy sp\u00e1nku a\u00a0bd\u011bn\u00ed &#8211; T\u0159et\u00ed, dopln\u011bn\u00e9 a p\u0159epracovan\u00e9 vyd\u00e1n\u00ed &#8211; Vydavatel: Gal\u00e9n &#8211; Vyd\u00e1n\u00ed: t\u0159et\u00ed, 2020 v tisku<\/p>\n\n\n\n<div class=\"wp-block-group is-layout-flex wp-block-group-is-layout-flex\"><\/div>\n\n\n\n<p>Bassetti CL, Doga\u0161 Z, Peigneux P. &#8211; ESRS European Sleep Medicine textbook. European Sleep Research Society &#8211; European Sleep Research Society, 2014<\/p>\n\n\n\n<div class=\"wp-block-group is-layout-flex wp-block-group-is-layout-flex\"><\/div>\n\n\n\n<p>American Academy of Sleep Medicine, International classification of sleep disorders \u2013 ICSD, 3rd ed. &#8211; American Academy of Sleep Medicine, 2014<\/p>\n","protected":false},"excerpt":{"rendered":"<p>Nev\u0161\u00edmalov\u00e1 S, \u0160onka K et al. &#8211; Poruchy sp\u00e1nku a\u00a0bd\u011bn\u00ed &#8211; Druh\u00e9, dopln\u011bn\u00e9 a p\u0159epracovan\u00e9 vyd\u00e1n\u00ed &#8211; Vydavatel: Gal\u00e9n &#8211; Vyd\u00e1n\u00ed: druh\u00e9, 2007 Nev\u0161\u00edmalov\u00e1 S, \u0160onka K et al. &#8211; Poruchy sp\u00e1nku a\u00a0bd\u011bn\u00ed &#8211; T\u0159et\u00ed, dopln\u011bn\u00e9 a p\u0159epracovan\u00e9 vyd\u00e1n\u00ed &#8211; Vydavatel: Gal\u00e9n &#8211; Vyd\u00e1n\u00ed: t\u0159et\u00ed, 2020 v tisku Bassetti CL, Doga\u0161 Z, Peigneux P. &#8211; &hellip;<br \/><a href=\"https:\/\/zdravyspanok.sk\/?page_id=274\" class=\"more-link pen_button pen_element_default pen_icon_arrow_double\">\u010c\u00edta\u0165 \u010falej <span class=\"screen-reader-text\">Odpor\u00fa\u010dan\u00e1 literat\u00fara<\/span><\/a><\/p>\n","protected":false},"author":1,"featured_media":0,"parent":0,"menu_order":0,"comment_status":"closed","ping_status":"closed","template":"","meta":{"footnotes":""},"_links":{"self":[{"href":"https:\/\/zdravyspanok.sk\/index.php?rest_route=\/wp\/v2\/pages\/274"}],"collection":[{"href":"https:\/\/zdravyspanok.sk\/index.php?rest_route=\/wp\/v2\/pages"}],"about":[{"href":"https:\/\/zdravyspanok.sk\/index.php?rest_route=\/wp\/v2\/types\/page"}],"author":[{"embeddable":true,"href":"https:\/\/zdravyspanok.sk\/index.php?rest_route=\/wp\/v2\/users\/1"}],"replies":[{"embeddable":true,"href":"https:\/\/zdravyspanok.sk\/index.php?rest_route=%2Fwp%2Fv2%2Fcomments&post=274"}],"version-history":[{"count":2,"href":"https:\/\/zdravyspanok.sk\/index.php?rest_route=\/wp\/v2\/pages\/274\/revisions"}],"predecessor-version":[{"id":962,"href":"https:\/\/zdravyspanok.sk\/index.php?rest_route=\/wp\/v2\/pages\/274\/revisions\/962"}],"wp:attachment":[{"href":"https:\/\/zdravyspanok.sk\/index.php?rest_route=%2Fwp%2Fv2%2Fmedia&parent=274"}],"curies":[{"name":"wp","href":"https:\/\/api.w.org\/{rel}","templated":true}]}}