{"id":28,"date":"2021-03-23T19:51:23","date_gmt":"2021-03-23T18:51:23","guid":{"rendered":"https:\/\/localhost\/wordpress\/?page_id=28"},"modified":"2023-10-25T04:59:27","modified_gmt":"2023-10-25T02:59:27","slug":"domov","status":"publish","type":"page","link":"https:\/\/zdravyspanok.sk\/","title":{"rendered":"Domov"},"content":{"rendered":"\n<p class=\"has-text-align-center\"><\/p>\n\n\n\n<section class=\"wp-block-uagb-section uagb-section__wrap uagb-section__background-undefined uagb-block-42f7638f\"><div class=\"uagb-section__overlay\"><\/div><div class=\"uagb-section__inner-wrap\">\n<p style=\"font-weight: 400; text-align: justify;\"><b><strong>Slovensk\u00e1 spolo\u010dnos\u0165 sp\u00e1nkovej medic\u00edny (SSSM)<\/strong><\/b><span style=\"font-weight: var( --e-global-typography-text-font-weight );\">&nbsp;pri Slovenskej lek\u00e1rskej spolo\u010dnosti vznikla 12.6.2014 zl\u00fa\u010den\u00edm Sekcie sp\u00e1nkovej medic\u00edny Slovenskej pneumologickej a&nbsp;ftizeologickej spolo\u010dnosti a&nbsp;Sekcie pre \u0161t\u00fadium por\u00fach sp\u00e1nku Slovenskej neurologickej spolo\u010dnosti pri SLS.<\/span><\/p>\n<p style=\"font-weight: 400; text-align: justify;\">SSSM zdru\u017euje zdravotn\u00edckych pracovn\u00edkov zaoberaj\u00facich sa v&nbsp;rovine teoretickej \u010di klinickej, lie\u010debno-prevent\u00edvnej \u010di eduka\u010dnej alebo v\u00fdskumnej, problematikou fyziologick\u00fdch a patofyziologick\u00fdch procesov a chorobn\u00fdch jednotiek s\u00favisiacich so sp\u00e1nkom. Ide predov\u0161etk\u00fdm o nasledovn\u00e9 syndr\u00f3my a nozologick\u00e9 jednotky: poruchy sp\u00e1nku (insomnia, hypersomnia, poruchy cirkadi\u00e1nneho rytmu sp\u00e1nok-bdenie, parasomnie, poruchy pohybu asociovan\u00e9 so sp\u00e1nkom) a sp\u00e1nkov\u00e9 poruchy d\u00fdchania (syndr\u00f3m sp\u00e1nkov\u00e9ho apnoe\/hypopnoe ob\u0161truk\u010dn\u00e9ho, centr\u00e1lneho, zmie\u0161an\u00e9ho a komplexn\u00e9ho typu, periodick\u00e9 d\u00fdchanie, syndr\u00f3m alveol\u00e1rnej hypoventil\u00e1cie v sp\u00e1nku, syndr\u00f3m hypox\u00e9mie v&nbsp;sp\u00e1nku, syndr\u00f3m zv\u00fd\u0161en\u00e9ho odporu horn\u00fdch d\u00fdchac\u00edch ciest, SIDS, ALTE),<\/p>\n<p style=\"font-weight: 400; text-align: justify;\">Ke\u010f\u017ee problematika sp\u00e1nku m\u00e1 interdisciplin\u00e1rny charakter, SSSM zdru\u017euje zdravotn\u00edckych pracovn\u00edkov r\u00f4znych odbornost\u00ed, predov\u0161etk\u00fdm pneumoftizeol\u00f3gov, neurol\u00f3gov, internistov, otorinolaryngol\u00f3gov, pediatrov, ale aj in\u00fdch odbornost\u00ed, ktor\u00ed sa zauj\u00edmaj\u00fa o&nbsp;sp\u00e1nkov\u00fa medic\u00ednu.<\/p>\n<p style=\"font-weight: 400; text-align: justify;\">Sp\u00e1nkov\u00e1 medic\u00edna zaznamen\u00e1va v&nbsp;posledn\u00fdch dvoch desa\u0165ro\u010diach v\u00fdrazn\u00fd medic\u00ednsky rozmach vo svete aj na Slovensku. Po\u010das tohto obdobia vznikli na Slovensku viacer\u00e9 sp\u00e1nkov\u00e9 laborat\u00f3ri\u00e1 vybaven\u00e9&nbsp;kompletnou polysomnografickou a videopolysomnografickou diagnostickou technikou, so \u0161kolen\u00fdm person\u00e1lom, ktor\u00e9 sl\u00fa\u017eia na diagnostiku a&nbsp;lie\u010dbu por\u00fach sp\u00e1nku a&nbsp;sp\u00e1nkov\u00fdch por\u00fach d\u00fdchania. Bol zaveden\u00fd syst\u00e9m akredit\u00e1cie sp\u00e1nkov\u00fdch laborat\u00f3ri\u00ed, ktor\u00fd garantuje odborn\u00fa \u00farove\u0148 poskytovanej zdravotnej starostlivosti.<\/p>\n<p style=\"font-weight: 400; text-align: justify;\">Cie\u013eom splo\u010dnosti&nbsp;&nbsp;je vytv\u00e1ra\u0165 podmienky&nbsp;&nbsp;pre&nbsp;&nbsp;rozvoj sp\u00e1nkovej medic\u00edny na Slovensku, zvy\u0161ova\u0165 odborn\u00e9 znalosti jej \u010dlenov, realizova\u0165 eduka\u010dn\u00e9 programy pre lek\u00e1rov, stredn\u00fd zdravotn\u00fd person\u00e1l, ale aj pre pacientov v&nbsp;r\u00e1mci sp\u00e1nkovej medic\u00edny.<\/p>\n<p>&nbsp;<\/p>\n<p style=\"font-weight: 400;\">MUDr. Imrich Mucska<\/p>\n<p style=\"font-weight: 400;\">Predseda SSSM<\/p>\n<\/div><\/section>\n","protected":false},"excerpt":{"rendered":"<p>Slovensk\u00e1 spolo\u010dnos\u0165 sp\u00e1nkovej medic\u00edny (SSSM)&nbsp;pri Slovenskej lek\u00e1rskej spolo\u010dnosti vznikla 12.6.2014 zl\u00fa\u010den\u00edm Sekcie sp\u00e1nkovej medic\u00edny Slovenskej pneumologickej a&nbsp;ftizeologickej spolo\u010dnosti a&nbsp;Sekcie pre \u0161t\u00fadium por\u00fach sp\u00e1nku Slovenskej neurologickej spolo\u010dnosti pri SLS. SSSM zdru\u017euje zdravotn\u00edckych pracovn\u00edkov zaoberaj\u00facich sa v&nbsp;rovine teoretickej \u010di klinickej, lie\u010debno-prevent\u00edvnej \u010di eduka\u010dnej alebo v\u00fdskumnej, problematikou fyziologick\u00fdch a patofyziologick\u00fdch procesov a chorobn\u00fdch jednotiek s\u00favisiacich so sp\u00e1nkom. Ide &hellip;<br \/><a href=\"https:\/\/zdravyspanok.sk\/\" class=\"more-link pen_button pen_element_default pen_icon_arrow_double\">\u010c\u00edta\u0165 \u010falej <span class=\"screen-reader-text\">Domov<\/span><\/a><\/p>\n","protected":false},"author":1,"featured_media":0,"parent":0,"menu_order":0,"comment_status":"closed","ping_status":"closed","template":"","meta":{"footnotes":""},"_links":{"self":[{"href":"https:\/\/zdravyspanok.sk\/index.php?rest_route=\/wp\/v2\/pages\/28"}],"collection":[{"href":"https:\/\/zdravyspanok.sk\/index.php?rest_route=\/wp\/v2\/pages"}],"about":[{"href":"https:\/\/zdravyspanok.sk\/index.php?rest_route=\/wp\/v2\/types\/page"}],"author":[{"embeddable":true,"href":"https:\/\/zdravyspanok.sk\/index.php?rest_route=\/wp\/v2\/users\/1"}],"replies":[{"embeddable":true,"href":"https:\/\/zdravyspanok.sk\/index.php?rest_route=%2Fwp%2Fv2%2Fcomments&post=28"}],"version-history":[{"count":53,"href":"https:\/\/zdravyspanok.sk\/index.php?rest_route=\/wp\/v2\/pages\/28\/revisions"}],"predecessor-version":[{"id":1039,"href":"https:\/\/zdravyspanok.sk\/index.php?rest_route=\/wp\/v2\/pages\/28\/revisions\/1039"}],"wp:attachment":[{"href":"https:\/\/zdravyspanok.sk\/index.php?rest_route=%2Fwp%2Fv2%2Fmedia&parent=28"}],"curies":[{"name":"wp","href":"https:\/\/api.w.org\/{rel}","templated":true}]}}