{"id":302,"date":"2021-04-13T13:33:00","date_gmt":"2021-04-13T11:33:00","guid":{"rendered":"https:\/\/localhost\/wordpress\/?page_id=302"},"modified":"2026-04-14T21:57:04","modified_gmt":"2026-04-14T19:57:04","slug":"zapisnice","status":"publish","type":"page","link":"https:\/\/zdravyspanok.sk\/?page_id=302","title":{"rendered":"Z\u00e1pisnice"},"content":{"rendered":"\n<section class=\"wp-block-uagb-section uagb-section__wrap uagb-section__background-undefined uagb-block-4164024a download_box_overlay\"><div class=\"uagb-section__overlay\"><\/div><div class=\"uagb-section__inner-wrap\">\n<h2>Z\u00e1pisnica zo zasadnutia v\u00fdboru SSSM 3.4.2026 <\/h2>\n<div class=\"wp-block-file zarovnanie_stiahnut\"><a href=\"https:\/\/zdravyspanok.sk\/wp-content\/uploads\/2026\/04\/Z%C3%A1pisnica%20zo%20zasadnutia%20v%C3%BDboru%20SSSM%2003.04.2025.doc\" class=\"wp-block-file__button\" download=\"\">Stiahnu\u0165<\/a><\/div>\n<p><\/p>\n<\/div><\/section>\n\n\n\n<section class=\"wp-block-uagb-section uagb-section__wrap uagb-section__background-undefined uagb-block-4164024a download_box_overlay\"><div class=\"uagb-section__overlay\"><\/div><div class=\"uagb-section__inner-wrap\">\n<h2>Z\u00e1pisnica zo zasadnutia v\u00fdboru SSSM 4.3.2026 <\/h2>\n<div class=\"wp-block-file zarovnanie_stiahnut\"><a href=\"https:\/\/zdravyspanok.sk\/wp-content\/uploads\/2026\/04\/Z%C3%A1pisnica%20V%C3%BDbor%20SSSM%20%20marec%202026.pdf\" class=\"wp-block-file__button\" download=\"\">Stiahnu\u0165<\/a><\/div>\n<p><\/p>\n<\/div><\/section>\n\n\n\n<section class=\"wp-block-uagb-section uagb-section__wrap uagb-section__background-undefined uagb-block-4164024a download_box_overlay\"><div class=\"uagb-section__overlay\"><\/div><div class=\"uagb-section__inner-wrap\">\n<h2>Z\u00e1pisnica zo zasadnutia v\u00fdboru SSSM 4.2.2026 <\/h2>\n<div class=\"wp-block-file zarovnanie_stiahnut\"><a href=\"https:\/\/zdravyspanok.sk\/wp-content\/uploads\/2026\/02\/Z%C3%A1pisnica%20zo%20zasadnutia%20v%C3%BDboru%20SSSM%2004.02.2026.doc\" class=\"wp-block-file__button\" download=\"\">Stiahnu\u0165<\/a><\/div>\n<p><\/p>\n<\/div><\/section>\n\n\n\n<section class=\"wp-block-uagb-section uagb-section__wrap uagb-section__background-undefined uagb-block-4164024a download_box_overlay\"><div class=\"uagb-section__overlay\"><\/div><div class=\"uagb-section__inner-wrap\">\n<h2>Z\u00e1pisnica zo zasadnutia v\u00fdboru SSSM 01.09.2025 <\/h2>\n<div class=\"wp-block-file zarovnanie_stiahnut\"><a href=\"https:\/\/zdravyspanok.sk\/wp-content\/uploads\/2025\/Z%C3%A1pisnica%20SSSM%20BA%201.9.2025.pdf\" class=\"wp-block-file__button\" download=\"\">Stiahnu\u0165<\/a><\/div>\n<p><\/p>\n<\/div><\/section>\n\n\n\n<section class=\"wp-block-uagb-section uagb-section__wrap uagb-section__background-undefined uagb-block-4164024a download_box_overlay\"><div class=\"uagb-section__overlay\"><\/div><div class=\"uagb-section__inner-wrap\">\n<h2>Z\u00e1pisnica zo zasadnutia v\u00fdboru SSSM 16.01.2025 <\/h2>\n<div class=\"wp-block-file zarovnanie_stiahnut\"><a href=\"https:\/\/zdravyspanok.sk\/wp-content\/uploads\/2025\/Z%C3%A1pisnica%20zo%20zasadnutia%20v%C3%BDboru%20SSSM%20%2016.01.2025.doc\" class=\"wp-block-file__button\" download=\"\">Stiahnu\u0165<\/a><\/div>\n<p><\/p>\n<\/div><\/section>\n\n\n\n<section class=\"wp-block-uagb-section uagb-section__wrap uagb-section__background-undefined uagb-block-4164024a download_box_overlay\"><div class=\"uagb-section__overlay\"><\/div><div class=\"uagb-section__inner-wrap\">\n<h2>Z\u00e1pisnica zo zasadnutia v\u00fdboru SSSM 12.09.2024 <\/h2>\n<div class=\"wp-block-file zarovnanie_stiahnut\"><a href=\"https:\/\/zdravyspanok.sk\/wp-content\/uploads\/2026\/04\/Z%C3%A1pisnica%20zo%20zasadnutia%20v%C3%BDboru%20SSSM%20%2012.09..2024%20IM.doc\" class=\"wp-block-file__button\" download=\"\">Stiahnu\u0165<\/a><\/div>\n<p><\/p>\n<\/div><\/section>\n\n\n\n<section class=\"wp-block-uagb-section uagb-section__wrap uagb-section__background-undefined uagb-block-4164024a download_box_overlay\"><div class=\"uagb-section__overlay\"><\/div><div class=\"uagb-section__inner-wrap\">\n<h2>Z\u00e1pisnica zo zasadnutia v\u00fdboru SSSM 22.06.2023 <\/h2>\n<div class=\"wp-block-file zarovnanie_stiahnut\"><a href=\"https:\/\/zdravyspanok.sk\/wp-content\/uploads\/2023\/Z\u00e1pisnica zo  zasadnutia v\u00fdboru SSSM  22.6.2023.pdf\" class=\"wp-block-file__button\" download=\"\">Stiahnu\u0165<\/a><\/div>\n<p><\/p>\n<\/div><\/section>\n\n\n\n<section class=\"wp-block-uagb-section uagb-section__wrap uagb-section__background-undefined uagb-block-4164024a download_box_overlay\"><div class=\"uagb-section__overlay\"><\/div><div class=\"uagb-section__inner-wrap\">\n<h2>Z\u00e1pisnica zo zasadnutia v\u00fdboru SSSM 01.06.2023 <\/h2>\n<div class=\"wp-block-file zarovnanie_stiahnut\"><a href=\"https:\/\/zdravyspanok.sk\/wp-content\/uploads\/2023\/Z%C3%A1pisnica%20zo%20zasadnutia%20V%C3%BDboru%20SSSM%2001.06.2023.pdf\" class=\"wp-block-file__button\" download=\"\">Stiahnu\u0165<\/a><\/div>\n<p><\/p>\n<\/div><\/section>\n\n\n\n<section class=\"wp-block-uagb-section uagb-section__wrap uagb-section__background-undefined uagb-block-4164024a download_box_overlay\"><div class=\"uagb-section__overlay\"><\/div><div class=\"uagb-section__inner-wrap\">\n<h2>Z\u00e1pisnica zo zasadnutia v\u00fdboru SSSM 16.12.2021 <\/h2>\n<div class=\"wp-block-file zarovnanie_stiahnut\"><a href=\"https:\/\/zdravyspanok.sk\/wp-content\/uploads\/2022\/01\/Z%C3%A1ipisnica%20%20zo%20zasadnutia%20v%C3%BDboru%20SSSM%20%2016.12.2021.pdf\" class=\"wp-block-file__button\" download=\"\">Stiahnu\u0165<\/a><\/div>\n<p><\/p>\n<\/div><\/section>\n\n\n\n<section class=\"wp-block-uagb-section uagb-section__wrap uagb-section__background-undefined uagb-block-4164024a download_box_overlay\"><div class=\"uagb-section__overlay\"><\/div><div class=\"uagb-section__inner-wrap\">\n<h2>Z\u00e1pisnica zo zasadnutia v\u00fdboru SSSM 4.11.2021 &#8211; videozasadnutie<\/h2>\n<div class=\"wp-block-file zarovnanie_stiahnut\"><a href=\"https:\/\/zdravyspanok.sk\/wp-content\/uploads\/2022\/01\/Z%C3%A1pisnica%20zo%20zasadnutia%20v%C3%BDboru%20SSSM%20%20%204.11.2021%20-%20videozasadnutie.pdf\" class=\"wp-block-file__button\" download=\"\">Stiahnu\u0165<\/a><\/div>\n<p><\/p>\n<\/div><\/section>\n\n\n\n<div class=\"wp-block-columns is-layout-flex wp-container-core-columns-is-layout-1 wp-block-columns-is-layout-flex\">\n<div class=\"wp-block-column is-layout-flow wp-block-column-is-layout-flow\" style=\"flex-basis:100%\">\n<div class=\"wp-block-group\"><div class=\"wp-block-group__inner-container is-layout-flow wp-block-group-is-layout-flow\">\n<section class=\"wp-block-uagb-section uagb-section__wrap uagb-section__background-undefined uagb-block-4164024a download_box_overlay\"><div class=\"uagb-section__overlay\"><\/div><div class=\"uagb-section__inner-wrap\">\n<h2>Z\u00e1pisnica zo zasadnutia v\u00fdboru SSSM Bratislava 17.9.2021<\/h2>\n<div class=\"wp-block-file zarovnanie_stiahnut\"><a href=\"https:\/\/zdravyspanok.sk\/wp-content\/uploads\/2021\/10\/Z%C3%81PISNICA%20%20zo%20zasadnutia%20%20v%C3%BDboru%20SSSM%20%20BA%2017.09.2021.pdf\" class=\"wp-block-file__button\" download=\"\">Stiahnu\u0165<\/a><\/div>\n<p><\/p>\n<\/div><\/section>\n<\/div><\/div>\n<\/div>\n<\/div>\n\n\n\n<section class=\"wp-block-uagb-section uagb-section__wrap uagb-section__background-undefined uagb-block-4164024a download_box_overlay\"><div class=\"uagb-section__overlay\"><\/div><div class=\"uagb-section__inner-wrap\">\n\n<h2 class=\"wp-block-heading\">Z\u00e1pisnica zo zasadnutia v\u00fdboru SSSM Bratislava 17.6.2021<\/h2>\n\n\n<div class=\"wp-block-file zarovnanie_stiahnut\"><a href=\"https:\/\/zdravyspanok.sk\/wp-content\/uploads\/2021\/07\/Z\u00c1PISNICA  zo zasadnutia  v\u00fdboru SSSM  BA 17.06.2021.pdf\" class=\"wp-block-file__button\" download=\"\">Stiahnu\u0165<\/a><\/div>\n\n\n<p><\/p>\n\n<\/div><\/section>\n\n\n\n<section class=\"wp-block-uagb-section uagb-section__wrap uagb-section__background-undefined uagb-block-d875a8f9 download_box_overlay\"><div class=\"uagb-section__overlay\"><\/div><div class=\"uagb-section__inner-wrap\">\n\n<h2 class=\"wp-block-heading\">Z\u00e1pisnica zo zasadnutia v\u00fdboru SSSM Bratislava 13.5.2021<\/h2>\n\n\n<div class=\"wp-block-file zarovnanie_stiahnut\"><a href=\"https:\/\/zdravyspanok.sk\/wp-content\/uploads\/2021\/05\/Z\u00e1pisnica zo video-zasadnutia v\u00fdboru SSSM BA 13.5.2021.docx\" class=\"wp-block-file__button\" download=\"\">Stiahnu\u0165<\/a><\/div>\n\n\n<p><\/p>\n\n<\/div><\/section>\n\n\n\n<section class=\"wp-block-uagb-section uagb-section__wrap uagb-section__background-undefined uagb-block-ecb8ae09 download_box_overlay\"><div class=\"uagb-section__overlay\"><\/div><div class=\"uagb-section__inner-wrap\">\n\n<h2 class=\"wp-block-heading\">Z\u00e1pisnica zo zasadnutia v\u00fdboru SSSM Bratislava 11.3.2021<\/h2>\n\n\n<div class=\"wp-block-file zarovnanie_stiahnut\"><a href=\"https:\/\/zdravyspanok.sk\/wp-content\/uploads\/2021\/05\/ZAPISNICA-zo-zasadnutia-vyboru-SSSM-BA-11.3.2021-1.docx\" class=\"wp-block-file__button\" download=\"\">Stiahnu\u0165<\/a><\/div>\n\n<\/div><\/section>\n\n\n\n<section class=\"wp-block-uagb-section uagb-section__wrap uagb-section__background-undefined uagb-block-7431a8c6 download_box_overlay\"><div class=\"uagb-section__overlay\"><\/div><div class=\"uagb-section__inner-wrap\">\n\n<h2 class=\"wp-block-heading\">Z\u00e1pisnica z video zasadnutia v\u00fdboru SSSM Bratislava 11.2.2021<\/h2>\n\n\n<div class=\"wp-block-file zarovnanie_stiahnut\"><a href=\"https:\/\/zdravyspanok.sk\/wp-content\/uploads\/2021\/05\/ZAPISNICA-Zasadnutie-vyboru-SSSM-video-BA-11.2.2021-1.docx\" class=\"wp-block-file__button\" download=\"\">Stiahnu\u0165<\/a><\/div>\n\n<\/div><\/section>\n\n\n\n<section class=\"wp-block-uagb-section uagb-section__wrap uagb-section__background-undefined uagb-block-bf718046 download_box_overlay\"><div class=\"uagb-section__overlay\"><\/div><div class=\"uagb-section__inner-wrap\">\n\n<h2 class=\"wp-block-heading\">Z\u00e1pisnica z video zasadnutia v\u00fdboru SSSM 14.1.2021<\/h2>\n\n\n<div class=\"wp-block-file zarovnanie_stiahnut\"><a href=\"https:\/\/zdravyspanok.sk\/wp-content\/uploads\/2021\/05\/ZAPISNICA-z-video-zasadnutia-vyboru-SSSM-14.1.2021.docx\" class=\"wp-block-file__button\" download=\"\">Stiahnu\u0165<\/a><\/div>\n\n<\/div><\/section>\n\n\n\n<section class=\"wp-block-uagb-section uagb-section__wrap uagb-section__background-undefined uagb-block-c5d6764a download_box_overlay\"><div class=\"uagb-section__overlay\"><\/div><div class=\"uagb-section__inner-wrap\">\n\n<h2 class=\"wp-block-heading\">Z\u00c1PISNICA z video m\u00edtingu prezidentov SM &#8211; ANSS ESRS 1.5.2020<\/h2>\n\n\n<div class=\"wp-block-file zarovnanie_stiahnut\"><a href=\"https:\/\/zdravyspanok.sk\/wp-content\/uploads\/2021\/05\/ZAPISNICA-z-video-mitingu-prezidentov-SM-ANSS-ESRS-1.5.2020-1.docx\" class=\"wp-block-file__button\" download=\"\">Stiahnu\u0165<\/a><\/div>\n\n<\/div><\/section>\n\n\n\n<p><\/p>\n\n\n\n\n","protected":false},"excerpt":{"rendered":"<p>Z\u00e1pisnica zo zasadnutia v\u00fdboru SSSM 3.4.2026 Stiahnu\u0165 Z\u00e1pisnica zo zasadnutia v\u00fdboru SSSM 4.3.2026 Stiahnu\u0165 Z\u00e1pisnica zo zasadnutia v\u00fdboru SSSM 4.2.2026 Stiahnu\u0165 Z\u00e1pisnica zo zasadnutia v\u00fdboru SSSM 01.09.2025 Stiahnu\u0165 Z\u00e1pisnica zo zasadnutia v\u00fdboru SSSM 16.01.2025 Stiahnu\u0165 Z\u00e1pisnica zo zasadnutia v\u00fdboru SSSM 12.09.2024 Stiahnu\u0165 Z\u00e1pisnica zo zasadnutia v\u00fdboru SSSM 22.06.2023 Stiahnu\u0165 Z\u00e1pisnica zo zasadnutia v\u00fdboru SSSM 01.06.2023 &hellip;<br \/><a href=\"https:\/\/zdravyspanok.sk\/?page_id=302\" class=\"more-link pen_button pen_element_default pen_icon_arrow_double\">\u010c\u00edta\u0165 \u010falej <span class=\"screen-reader-text\">Z\u00e1pisnice<\/span><\/a><\/p>\n","protected":false},"author":1,"featured_media":0,"parent":0,"menu_order":0,"comment_status":"closed","ping_status":"closed","template":"","meta":{"footnotes":""},"_links":{"self":[{"href":"https:\/\/zdravyspanok.sk\/index.php?rest_route=\/wp\/v2\/pages\/302"}],"collection":[{"href":"https:\/\/zdravyspanok.sk\/index.php?rest_route=\/wp\/v2\/pages"}],"about":[{"href":"https:\/\/zdravyspanok.sk\/index.php?rest_route=\/wp\/v2\/types\/page"}],"author":[{"embeddable":true,"href":"https:\/\/zdravyspanok.sk\/index.php?rest_route=\/wp\/v2\/users\/1"}],"replies":[{"embeddable":true,"href":"https:\/\/zdravyspanok.sk\/index.php?rest_route=%2Fwp%2Fv2%2Fcomments&post=302"}],"version-history":[{"count":24,"href":"https:\/\/zdravyspanok.sk\/index.php?rest_route=\/wp\/v2\/pages\/302\/revisions"}],"predecessor-version":[{"id":1328,"href":"https:\/\/zdravyspanok.sk\/index.php?rest_route=\/wp\/v2\/pages\/302\/revisions\/1328"}],"wp:attachment":[{"href":"https:\/\/zdravyspanok.sk\/index.php?rest_route=%2Fwp%2Fv2%2Fmedia&parent=302"}],"curies":[{"name":"wp","href":"https:\/\/api.w.org\/{rel}","templated":true}]}}