{"id":313,"date":"2021-04-13T13:35:57","date_gmt":"2021-04-13T11:35:57","guid":{"rendered":"https:\/\/localhost\/wordpress\/?page_id=313"},"modified":"2022-04-19T07:46:16","modified_gmt":"2022-04-19T05:46:16","slug":"formulare","status":"publish","type":"page","link":"https:\/\/zdravyspanok.sk\/?page_id=313","title":{"rendered":"Formul\u00e1re pre ZP"},"content":{"rendered":"\n<section class=\"wp-block-uagb-section uagb-section__wrap uagb-section__background-undefined uagb-block-b670a455 download_box_overlay\"><div class=\"uagb-section__overlay\"><\/div><div class=\"uagb-section__inner-wrap\">\n\n<h2 class=\"wp-block-heading\">V\u0160ZP \u017diados\u0165 o asistovan\u00e9 vyka\u0161liavanie<\/h2>\n\n\n<div class=\"wp-block-file zarovnanie_stiahnut\"><a href=\"https:\/\/zdravyspanok.sk\/wp-content\/uploads\/2021\/05\/VSZP-ziadost-o-asistovane-vykasliavanie.pdf\" class=\"wp-block-file__button\" download=\"\">Stiahnu\u0165<\/a><\/div>\n\n<\/div><\/section>\n\n\n\n<section class=\"wp-block-uagb-section uagb-section__wrap uagb-section__background-undefined uagb-block-33c53228 download_box_overlay\"><div class=\"uagb-section__overlay\"><\/div><div class=\"uagb-section__inner-wrap\">\n\n<h2 class=\"wp-block-heading\">V\u0160ZP \u017eiados\u0165 o poskytnutie dlhodobej dom\u00e1cej lie\u010dby NIPPV<\/h2>\n\n\n<div class=\"wp-block-file zarovnanie_stiahnut\"><a href=\"https:\/\/zdravyspanok.sk\/wp-content\/uploads\/2021\/05\/VSZP-Ziadost-o-poskytnutie-dlhodobej-domacej-NIPPV.pdf\" class=\"wp-block-file__button\" download=\"\">Stiahnu\u0165<\/a><\/div>\n\n<\/div><\/section>\n\n\n\n<section class=\"wp-block-uagb-section uagb-section__wrap uagb-section__background-undefined uagb-block-733addf3 download_box_overlay\"><div class=\"uagb-section__overlay\"><\/div><div class=\"uagb-section__inner-wrap\">\n\n<h2 class=\"wp-block-heading\">V\u0160ZP \u017diados\u0165 o poskytnutie CPAP lie\u010dby<\/h2>\n\n\n<div class=\"wp-block-file zarovnanie_stiahnut\"><a href=\"https:\/\/zdravyspanok.sk\/wp-content\/uploads\/2021\/05\/VSZP-Ziadost-o-poskytnutie-CPAP-liecby.pdf\" class=\"wp-block-file__button\" download=\"\">Stiahnu\u0165<\/a><\/div>\n\n<\/div><\/section>\n\n\n\n<section class=\"wp-block-uagb-section uagb-section__wrap uagb-section__background-undefined uagb-block-15e488dd download_box_overlay\"><div class=\"uagb-section__overlay\"><\/div><div class=\"uagb-section__inner-wrap\">\n\n<h2 class=\"wp-block-heading\">V\u0160ZP \u017diados\u0165 na schv\u00e1lenie \u00fahrady DUPV<\/h2>\n\n\n<div class=\"wp-block-file zarovnanie_stiahnut\"><a href=\"https:\/\/zdravyspanok.sk\/wp-content\/uploads\/2021\/05\/VSZP-Ziadost-na-schvalenie-uhrady-DUPV.pdf\" class=\"wp-block-file__button\" download=\"\">Stiahnu\u0165<\/a><\/div>\n\n<\/div><\/section>\n\n\n\n<section class=\"wp-block-uagb-section uagb-section__wrap uagb-section__background-undefined uagb-block-264dcc3e download_box_overlay\"><div class=\"uagb-section__overlay\"><\/div><div class=\"uagb-section__inner-wrap\">\n\n<h2 class=\"wp-block-heading\">V\u0160ZP \u017diados\u0165 na pren\u00e1jom pr\u00edstroja DDOT<\/h2>\n\n\n<div class=\"wp-block-file zarovnanie_stiahnut\"><a href=\"https:\/\/zdravyspanok.sk\/wp-content\/uploads\/2021\/05\/VSZP-Ziadost-na-prenajom-pristroja-DDOT.pdf\" class=\"wp-block-file__button\" download=\"\">Stiahnu\u0165<\/a><\/div>\n\n<\/div><\/section>\n\n\n\n<section class=\"wp-block-uagb-section uagb-section__wrap uagb-section__background-undefined uagb-block-149fc9e5 download_box_overlay\"><div class=\"uagb-section__overlay\"><\/div><div class=\"uagb-section__inner-wrap\">\n\n<h2 class=\"wp-block-heading\">D\u00f4vera \u017diados\u0165 o poskytnutie CPAP lie\u010dby<\/h2>\n\n\n<div class=\"wp-block-file zarovnanie_stiahnut\"><a href=\"https:\/\/zdravyspanok.sk\/wp-content\/uploads\/2021\/05\/Dovera-Ziadost-o-poskytnutie-CPAP-liecby.pdf\" class=\"wp-block-file__button\" download=\"\">Stiahnu\u0165<\/a><\/div>\n\n<\/div><\/section>\n\n\n\n<section class=\"wp-block-uagb-section uagb-section__wrap uagb-section__background-undefined uagb-block-c4c07872 download_box_overlay\"><div class=\"uagb-section__overlay\"><\/div><div class=\"uagb-section__inner-wrap\">\n\n<h2 class=\"wp-block-heading\">D\u00f4vera \u017diados\u0165 o poskytnutie BIPAP lie\u010dby<\/h2>\n\n\n<div class=\"wp-block-file zarovnanie_stiahnut\"><a href=\"https:\/\/zdravyspanok.sk\/wp-content\/uploads\/2021\/05\/Dovera-Ziadost-o-poskytnutie-BIPAP-liecby.pdf\" class=\"wp-block-file__button\" download=\"\">Stiahnu\u0165<\/a><\/div>\n\n<\/div><\/section>\n\n\n\n<section class=\"wp-block-uagb-section uagb-section__wrap uagb-section__background-undefined uagb-block-3b8c719f download_box_overlay\"><div class=\"uagb-section__overlay\"><\/div><div class=\"uagb-section__inner-wrap\">\n\n<h2 class=\"wp-block-heading\">D\u00f4vera \u017diados\u0165 na pren\u00e1jom pr\u00edstroja DDOT<\/h2>\n\n\n<div class=\"wp-block-file zarovnanie_stiahnut\"><a href=\"https:\/\/zdravyspanok.sk\/wp-content\/uploads\/2021\/05\/Dovera-Ziadost-na-prenajom-pristroja-DDOT.pdf\" class=\"wp-block-file__button\" download=\"\">Stiahnu\u0165<\/a><\/div>\n\n<\/div><\/section>\n\n\n\n<section class=\"wp-block-uagb-section uagb-section__wrap uagb-section__background-undefined uagb-block-3078cd45 download_box_overlay\"><div class=\"uagb-section__overlay\"><\/div><div class=\"uagb-section__inner-wrap\">\n\n<h2 class=\"wp-block-heading\">D\u00f4vera \u017diados\u0165 na schv\u00e1lenie \u00fahrady DUPV<\/h2>\n\n\n<div class=\"wp-block-file zarovnanie_stiahnut\"><a href=\"https:\/\/zdravyspanok.sk\/wp-content\/uploads\/2021\/05\/Dovera-Ziadost-na-schvalenie-uhrady-DUPV.pdf\" class=\"wp-block-file__button\" download=\"\">Stiahnu\u0165<\/a><\/div>\n\n<\/div><\/section>\n\n\n\n<section class=\"wp-block-uagb-section uagb-section__wrap uagb-section__background-undefined uagb-block-f4e3a212 download_box_overlay\"><div class=\"uagb-section__overlay\"><\/div><div class=\"uagb-section__inner-wrap\">\n\n<h2 class=\"wp-block-heading\">UNION \u017diados\u0165 na schv\u00e1lenie \u00fahrady DUPV<\/h2>\n\n\n<div class=\"wp-block-file zarovnanie_stiahnut\"><a href=\"https:\/\/zdravyspanok.sk\/wp-content\/uploads\/2021\/05\/UNION-Ziadost-na-schvalenie-uhrady-DUPV.pdf\" class=\"wp-block-file__button\" download=\"\">Stiahnu\u0165<\/a><\/div>\n\n<\/div><\/section>\n\n\n\n<section class=\"wp-block-uagb-section uagb-section__wrap uagb-section__background-undefined uagb-block-c78f6043 download_box_overlay\"><div class=\"uagb-section__overlay\"><\/div><div class=\"uagb-section__inner-wrap\">\n\n<h2 class=\"wp-block-heading\">UNION \u017diados\u0165 o schv\u00e1lenie lie\u010dby syndr\u00f3mu sp\u00e1nkov\u00e9ho apnoe pomocou ventila\u010dn\u00e9ho pr\u00edstroja<\/h2>\n\n\n<div class=\"wp-block-file zarovnanie_stiahnut\"><a href=\"https:\/\/zdravyspanok.sk\/wp-content\/uploads\/2021\/05\/UNION-Ziadost-o-schvalenie-liecby-syndromu-spankoveho-apnoe-pomocou-ventilacneho-pristroja.pdf\" class=\"wp-block-file__button\" download=\"\">Stiahnu\u0165<\/a><\/div>\n\n<\/div><\/section>\n\n\n\n<p><\/p>\n","protected":false},"excerpt":{"rendered":"","protected":false},"author":1,"featured_media":0,"parent":0,"menu_order":0,"comment_status":"closed","ping_status":"closed","template":"","meta":{"footnotes":""},"_links":{"self":[{"href":"https:\/\/zdravyspanok.sk\/index.php?rest_route=\/wp\/v2\/pages\/313"}],"collection":[{"href":"https:\/\/zdravyspanok.sk\/index.php?rest_route=\/wp\/v2\/pages"}],"about":[{"href":"https:\/\/zdravyspanok.sk\/index.php?rest_route=\/wp\/v2\/types\/page"}],"author":[{"embeddable":true,"href":"https:\/\/zdravyspanok.sk\/index.php?rest_route=\/wp\/v2\/users\/1"}],"replies":[{"embeddable":true,"href":"https:\/\/zdravyspanok.sk\/index.php?rest_route=%2Fwp%2Fv2%2Fcomments&post=313"}],"version-history":[{"count":14,"href":"https:\/\/zdravyspanok.sk\/index.php?rest_route=\/wp\/v2\/pages\/313\/revisions"}],"predecessor-version":[{"id":970,"href":"https:\/\/zdravyspanok.sk\/index.php?rest_route=\/wp\/v2\/pages\/313\/revisions\/970"}],"wp:attachment":[{"href":"https:\/\/zdravyspanok.sk\/index.php?rest_route=%2Fwp%2Fv2%2Fmedia&parent=313"}],"curies":[{"name":"wp","href":"https:\/\/api.w.org\/{rel}","templated":true}]}}