{"id":315,"date":"2021-04-13T13:36:11","date_gmt":"2021-04-13T11:36:11","guid":{"rendered":"https:\/\/localhost\/wordpress\/?page_id=315"},"modified":"2021-08-31T12:20:36","modified_gmt":"2021-08-31T10:20:36","slug":"dotazniky","status":"publish","type":"page","link":"https:\/\/zdravyspanok.sk\/?page_id=315","title":{"rendered":"Dotazn\u00edky"},"content":{"rendered":"\n<div class=\"wp-block-group download_box_overlay\"><div class=\"wp-block-group__inner-container is-layout-flow wp-block-group-is-layout-flow\">\n<h2 class=\"wp-block-heading\">Dotazn\u00edk na skr\u00ednovanie OSAS a Epworsk\u00e1 \u0161k\u00e1la spavosti<br><\/h2>\n\n\n\n<div class=\"wp-block-file zarovnanie_stiahnut\"><a href=\"https:\/\/zdravyspanok.sk\/wp-content\/uploads\/2021\/05\/Dotaznik_na_skrining_OSAS-1.pdf\" class=\"wp-block-file__button\" download>Stiahnu\u0165<\/a><\/div>\n<\/div><\/div>\n\n\n\n<div class=\"wp-block-group download_box_overlay\"><div class=\"wp-block-group__inner-container is-layout-flow wp-block-group-is-layout-flow\">\n<h2 class=\"wp-block-heading\">Kvalita sp\u00e1nku a COVID-19<\/h2>\n\n\n\n<div class=\"wp-block-file zarovnanie_stiahnut\"><a href=\"https:\/\/docs.google.com\/forms\/d\/e\/1FAIpQLSdMi79RB50lEFQ3gUvL-4WS3aHFQU2ZQ1imj5SgMzB1HvKZnw\/viewform\" class=\"wp-block-file__button\" download>Zobrazi\u0165<\/a><\/div>\n\n\n\n<p><\/p>\n<\/div><\/div>\n","protected":false},"excerpt":{"rendered":"<p>Dotazn\u00edk na skr\u00ednovanie OSAS a Epworsk\u00e1 \u0161k\u00e1la spavosti Stiahnu\u0165 Kvalita sp\u00e1nku a COVID-19 Zobrazi\u0165<\/p>\n","protected":false},"author":1,"featured_media":0,"parent":0,"menu_order":0,"comment_status":"closed","ping_status":"closed","template":"","meta":{"footnotes":""},"_links":{"self":[{"href":"https:\/\/zdravyspanok.sk\/index.php?rest_route=\/wp\/v2\/pages\/315"}],"collection":[{"href":"https:\/\/zdravyspanok.sk\/index.php?rest_route=\/wp\/v2\/pages"}],"about":[{"href":"https:\/\/zdravyspanok.sk\/index.php?rest_route=\/wp\/v2\/types\/page"}],"author":[{"embeddable":true,"href":"https:\/\/zdravyspanok.sk\/index.php?rest_route=\/wp\/v2\/users\/1"}],"replies":[{"embeddable":true,"href":"https:\/\/zdravyspanok.sk\/index.php?rest_route=%2Fwp%2Fv2%2Fcomments&post=315"}],"version-history":[{"count":28,"href":"https:\/\/zdravyspanok.sk\/index.php?rest_route=\/wp\/v2\/pages\/315\/revisions"}],"predecessor-version":[{"id":867,"href":"https:\/\/zdravyspanok.sk\/index.php?rest_route=\/wp\/v2\/pages\/315\/revisions\/867"}],"wp:attachment":[{"href":"https:\/\/zdravyspanok.sk\/index.php?rest_route=%2Fwp%2Fv2%2Fmedia&parent=315"}],"curies":[{"name":"wp","href":"https:\/\/api.w.org\/{rel}","templated":true}]}}