{"id":334,"date":"2021-05-06T14:00:44","date_gmt":"2021-05-06T12:00:44","guid":{"rendered":"https:\/\/localhost\/wordpress\/?page_id=334"},"modified":"2025-10-21T23:22:08","modified_gmt":"2025-10-21T21:22:08","slug":"postup-pri-prihlasovani","status":"publish","type":"page","link":"https:\/\/zdravyspanok.sk\/?page_id=334","title":{"rendered":"Postup pri prihlasovan\u00ed"},"content":{"rendered":"\n<h2 class=\"wp-block-heading has-text-align-center\">Postup akredit\u00e1cie sp\u00e1nkov\u00fdch laborat\u00f3rii<\/h2>\n\n\n\n<hr class=\"wp-block-separator has-text-color has-black-color has-css-opacity has-black-background-color has-background is-style-wide\"\/>\n\n\n\n<div style=\"height:20px\" aria-hidden=\"true\" class=\"wp-block-spacer\"><\/div>\n\n\n<p>Navrhovan\u00fd postup akredit\u00e1cie sp\u00e1nkov\u00fdch laborat\u00f3ri\u00ed na Slovensku je vypracovan\u00fd Sekciou sp\u00e1nkovej medic\u00edny SPFS SLS v\u202fspolupr\u00e1ci so Sekciou pre \u0161t\u00fadium por\u00fach sp\u00e1nku SNS SLS.<strong> Na podklade&nbsp;eur\u00f3pskych&nbsp;smern\u00edc vydan\u00fdch ESRS \u2013European&nbsp;Guidelines&nbsp;for&nbsp;the&nbsp;Accreditation&nbsp;of&nbsp;Sleep&nbsp;Medicine&nbsp;Centres&nbsp; \/J&nbsp;Sleep&nbsp;Res&nbsp;2006, 15, 231-238\/<\/strong><\/p>\n<p style=\"text-align: left;\"><span data-ccp-props=\"{&quot;335559739&quot;:120}\">&nbsp;<\/span><\/p>\n<p style=\"text-align: left;\"><b>Proces&nbsp;<\/b><b>akredit\u00e1cie<\/b>&nbsp;<\/p>\n<p style=\"text-align: left;\">Proces akredit\u00e1cie&nbsp;ja navrhnut\u00fd v\u202ftroch&nbsp;krokoch:&nbsp;<\/p>\n<ol style=\"text-align: left;\">\n<li style=\"text-align: left;\" data-leveltext=\"%1.\" data-font=\"Times New Roman\" data-listid=\"1\" aria-setsize=\"-1\" data-aria-posinset=\"1\" data-aria-level=\"1\"><b>Prihl\u00e1\u0161ka<\/b><b>&nbsp;na&nbsp;<\/b><b>akredit\u00e1ciu<\/b><b>&nbsp;a&nbsp;<\/b><b>vyplnenie<\/b><b>&nbsp;<\/b><b>dotazn\u00edka<\/b><b>&nbsp;<\/b>&nbsp;<\/li>\n<li style=\"text-align: left;\" data-leveltext=\"%1.\" data-font=\"Times New Roman\" data-listid=\"1\" aria-setsize=\"-1\" data-aria-posinset=\"1\" data-aria-level=\"1\"><b>Dotazn\u00edk<\/b><\/li>\n<li style=\"text-align: left;\" data-leveltext=\"%1.\" data-font=\"Times New Roman\" data-listid=\"1\" aria-setsize=\"-1\" data-aria-posinset=\"1\" data-aria-level=\"1\"><strong>Smernica ESMC<\/strong><\/li>\n<\/ol>\n\n\n<div style=\"height:20px\" aria-hidden=\"true\" class=\"wp-block-spacer\"><\/div>\n\n\n\n<div class=\"wp-block-file vodorovne_zarovnanie_stiahnut\"><a>Cel\u00fd postup akredit\u00e1cie na stiahnutie TU:<\/a><a href=\"https:\/\/zdravyspanok.sk\/wp-content\/uploads\/2025\/Akreditacia-SL-Postup-2024.doc\" class=\"wp-block-file__button\" download>Stiahnu\u0165<\/a><\/div>\n\n\n\n<hr class=\"wp-block-separator has-text-color has-black-color has-css-opacity has-black-background-color has-background is-style-wide\"\/>\n\n\n\n<div style=\"height:20px\" aria-hidden=\"true\" class=\"wp-block-spacer\"><\/div>\n\n\n\n<h2 class=\"wp-block-heading has-text-align-center\">Prihl\u00e1\u0161ka<\/h2>\n\n\n\n<section class=\"wp-block-uagb-section uagb-section__wrap uagb-section__background-undefined uagb-block-97325449 download_box_overlay\"><div class=\"uagb-section__overlay\"><\/div><div class=\"uagb-section__inner-wrap\">\n\n<h2 class=\"wp-block-heading\">Prihl\u00e1\u0161ka na akredit\u00e1ciu SL<\/h2>\n\n\n<div class=\"wp-block-group\"><div class=\"wp-block-group__inner-container is-layout-flow wp-block-group-is-layout-flow\">\n\n<div class=\"wp-block-columns is-layout-flex wp-container-core-columns-is-layout-1 wp-block-columns-is-layout-flex\">\n\n<div class=\"wp-block-column is-layout-flow wp-block-column-is-layout-flow\">\n\n<div class=\"wp-block-file zarovnanie_stiahnut\"><a href=\"https:\/\/zdravyspanok.sk\/wp-content\/uploads\/2021\/05\/Akreditacia-SL-Prihlaska-2012-1.doc\" class=\"wp-block-file__button\" download>Stiahnu\u0165<\/a><\/div>\n\n<\/div>\n\n<\/div>\n\n<\/div><\/div>\n\n<\/div><\/section>\n\n\n\n<h2 class=\"wp-block-heading has-text-align-center\">Dotazn\u00edk<\/h2>\n\n\n\n<section class=\"wp-block-uagb-section uagb-section__wrap uagb-section__background-undefined uagb-block-c593c2fa download_box_overlay\"><div class=\"uagb-section__overlay\"><\/div><div class=\"uagb-section__inner-wrap\">\n\n<h2 class=\"wp-block-heading\">Dotazn\u00edk akredit\u00e1cie slovensk\u00fdch laborat\u00f3rii<\/h2>\n\n\n<div class=\"wp-block-file zarovnanie_stiahnut\"><a href=\"https:\/\/zdravyspanok.sk\/wp-content\/uploads\/2021\/05\/Akreditacia-SL-Dotaznik-2012.doc\" class=\"wp-block-file__button\" download>Stiahnu\u0165<\/a><\/div>\n\n<\/div><\/section>\n\n\n\n<h2 class=\"wp-block-heading has-text-align-center\">Smernica ESMC<\/h2>\n\n\n\n<section class=\"wp-block-uagb-section uagb-section__wrap uagb-section__background-undefined uagb-block-e9ebcb1e download_box_overlay\"><div class=\"uagb-section__overlay\"><\/div><div class=\"uagb-section__inner-wrap\">\n\n<h2 class=\"wp-block-heading\">European guidelines for the accreditation of Sleep Medicine Centers<\/h2>\n\n\n<div class=\"wp-block-file zarovnanie_stiahnut\"><a href=\"https:\/\/zdravyspanok.sk\/wp-content\/uploads\/2021\/05\/jsr_European_Accreditation_Guidelines_for_SMCs.pdf\" class=\"wp-block-file__button\" download>Stiahnu\u0165<\/a><\/div>\n\n<\/div><\/section>\n\n\n\n<p><\/p>\n","protected":false},"excerpt":{"rendered":"<p>Postup akredit\u00e1cie sp\u00e1nkov\u00fdch laborat\u00f3rii Navrhovan\u00fd postup akredit\u00e1cie sp\u00e1nkov\u00fdch laborat\u00f3ri\u00ed na Slovensku je vypracovan\u00fd Sekciou sp\u00e1nkovej medic\u00edny SPFS SLS v\u202fspolupr\u00e1ci so Sekciou pre \u0161t\u00fadium por\u00fach sp\u00e1nku SNS SLS. Na podklade&nbsp;eur\u00f3pskych&nbsp;smern\u00edc vydan\u00fdch ESRS \u2013European&nbsp;Guidelines&nbsp;for&nbsp;the&nbsp;Accreditation&nbsp;of&nbsp;Sleep&nbsp;Medicine&nbsp;Centres&nbsp; \/J&nbsp;Sleep&nbsp;Res&nbsp;2006, 15, 231-238\/ &nbsp; Proces&nbsp;akredit\u00e1cie&nbsp; Proces akredit\u00e1cie&nbsp;ja navrhnut\u00fd v\u202ftroch&nbsp;krokoch:&nbsp; Prihl\u00e1\u0161ka&nbsp;na&nbsp;akredit\u00e1ciu&nbsp;a&nbsp;vyplnenie&nbsp;dotazn\u00edka&nbsp;&nbsp; Dotazn\u00edk Smernica ESMC Cel\u00fd postup akredit\u00e1cie na stiahnutie TU:Stiahnu\u0165 Prihl\u00e1\u0161ka Dotazn\u00edk Smernica ESMC<\/p>\n","protected":false},"author":1,"featured_media":0,"parent":0,"menu_order":0,"comment_status":"closed","ping_status":"closed","template":"","meta":{"footnotes":""},"_links":{"self":[{"href":"https:\/\/zdravyspanok.sk\/index.php?rest_route=\/wp\/v2\/pages\/334"}],"collection":[{"href":"https:\/\/zdravyspanok.sk\/index.php?rest_route=\/wp\/v2\/pages"}],"about":[{"href":"https:\/\/zdravyspanok.sk\/index.php?rest_route=\/wp\/v2\/types\/page"}],"author":[{"embeddable":true,"href":"https:\/\/zdravyspanok.sk\/index.php?rest_route=\/wp\/v2\/users\/1"}],"replies":[{"embeddable":true,"href":"https:\/\/zdravyspanok.sk\/index.php?rest_route=%2Fwp%2Fv2%2Fcomments&post=334"}],"version-history":[{"count":29,"href":"https:\/\/zdravyspanok.sk\/index.php?rest_route=\/wp\/v2\/pages\/334\/revisions"}],"predecessor-version":[{"id":1192,"href":"https:\/\/zdravyspanok.sk\/index.php?rest_route=\/wp\/v2\/pages\/334\/revisions\/1192"}],"wp:attachment":[{"href":"https:\/\/zdravyspanok.sk\/index.php?rest_route=%2Fwp%2Fv2%2Fmedia&parent=334"}],"curies":[{"name":"wp","href":"https:\/\/api.w.org\/{rel}","templated":true}]}}