{"id":336,"date":"2021-05-06T14:01:07","date_gmt":"2021-05-06T12:01:07","guid":{"rendered":"https:\/\/localhost\/wordpress\/?page_id=336"},"modified":"2026-04-12T19:57:08","modified_gmt":"2026-04-12T17:57:08","slug":"akreditovane-laboratoria","status":"publish","type":"page","link":"https:\/\/zdravyspanok.sk\/?page_id=336","title":{"rendered":"Akreditovan\u00e9 laborat\u00f3ria"},"content":{"rendered":"\n<div class=\"wp-block-group\"><div class=\"wp-block-group__inner-container is-layout-constrained wp-block-group-is-layout-constrained\">\n<h2 class=\"wp-block-heading\">Mapa a zoznam akreditovan\u00fdch sp\u00e1nkov\u00fdch laborat\u00f3ri\u00ed v SR k 18.02.2025<\/h2>\n<\/div><\/div>\n\n\n\n<div class=\"wp-block-columns is-layout-flex wp-container-core-columns-is-layout-1 wp-block-columns-is-layout-flex\">\n<div class=\"wp-block-column is-layout-flow wp-block-column-is-layout-flow\" style=\"flex-basis:100%\">\n<div class=\"wp-block-group is-nowrap is-layout-flex wp-container-core-group-is-layout-2 wp-block-group-is-layout-flex\"><\/div>\n<\/div>\n<\/div>\n\n\n\n<div style=\"width: 1000px; overflow: hidden; height: 600px;\">\n  <iframe loading=\"lazy\" \n     src=\"https:\/\/www.google.com\/maps\/d\/u\/0\/embed?mid=18mL2yNqbauKMIvSDun5_OpYacoBWdvg&#038;ehbc=2E312F&#038;noprof=1\" \n     width=\"100%\"\n     height=\"600\"\n     frameborder=\"0\"\n     style=\"border:0; margin-top: -52px;\">\n  <\/iframe>\n<\/div>\n\n\n\n<div class=\"wp-block-group\"><div class=\"wp-block-group__inner-container is-layout-flow wp-block-group-is-layout-flow\">\n<div class=\"wp-block-columns is-layout-flex wp-container-core-columns-is-layout-3 wp-block-columns-is-layout-flex\">\n<div class=\"wp-block-column is-vertically-aligned-top is-layout-flow wp-block-column-is-layout-flow\" style=\"flex-basis:90%\">\n<div class=\"wp-block-columns is-layout-flex wp-container-core-columns-is-layout-2 wp-block-columns-is-layout-flex\">\n<div class=\"wp-block-column is-vertically-aligned-center is-layout-flow wp-block-column-is-layout-flow\" style=\"flex-basis:100%\">\n<div class=\"wp-block-group alignwide\"><div class=\"wp-block-group__inner-container is-layout-flow wp-block-group-is-layout-flow\">\n<div class=\"wp-block-group alignwide\"><div class=\"wp-block-group__inner-container is-layout-flow wp-block-group-is-layout-flow\">\n<figure class=\"wp-block-table aligncenter is-style-regular\"><table><thead><tr><th class=\"has-text-align-left\" data-align=\"left\">N\u00e1zov<\/th><th class=\"has-text-align-left\" data-align=\"left\">Adresa<\/th><th>Telef\u00f3n<\/th><th>Kontakt<\/th><th>Pozn\u00e1mka<\/th><\/tr><\/thead><tbody><tr><td class=\"has-text-align-left\" data-align=\"left\">Sp\u00e1nkov\u00e9 laborat\u00f3rium &#8211; I. Neurologick\u00e1 klinika UNB a LFUK<\/td><td class=\"has-text-align-left\" data-align=\"left\">Univerzitn\u00e1 nemocnica <br>Bratislava &#8211; Nemocnica Star\u00e9 mesto<br>Mickiewiczova 13<br>813 69 Bratislava<br><\/td><td>02\/57290440 (konzulta\u010dn\u00e9 hodiny: <br>10:00-11:00 a 13:00-14:00)<br>02\/57290646<\/td><td>spankovestaremesto@gmail.com<\/td><td class=\"has-text-align-left\" data-align=\"left\">V\u00e1\u017een\u00ed pacienti, ak m\u00e1te podozrenie na pr\u00edtomnos\u0165 sp\u00e1nkov\u00e9ho <br>apnoe, najsk\u00f4r V\u00e1s popros\u00edme o absolvovanie dom\u00e1ceho <br>skr\u00edningov\u00e9ho vy\u0161etrenia pulznou oxymetriou po\u010das sp\u00e1nku. Zoznam skr\u00edningov\u00fdch centier n\u00e1jdete <a href=\"https:\/\/zdravyspanok.sk\/?page_id=724\">tu<\/a><\/td><\/tr><tr><td class=\"has-text-align-left\" data-align=\"left\">Sp\u00e1nkov\u00e9 laborat\u00f3rium Kliniky pneumol\u00f3gie a ftizeol\u00f3gie<\/td><td class=\"has-text-align-left\" data-align=\"left\">Univerzitn\u00e1 nemocnica Martin<br>Koll\u00e1rova 2<br>036 59 Martin<\/td><td>043\/4203250<\/td><td>splab@unm.sk<\/td><td><\/td><\/tr><tr><td class=\"has-text-align-left\" data-align=\"left\">Sp\u00e1nkov\u00e9 laborat\u00f3rium Kliniky pneumol\u00f3gie a ftizeol\u00f3gie LF UPJ\u0160 a UN Ko\u0161ice<\/td><td class=\"has-text-align-left\" data-align=\"left\">Pneumologicko-ftizeologick\u00e1 ambulancia &#8211; Ambulancia pre <br>poruchy d\u00fdchania v sp\u00e1nku<br>Rastislavova 43<br>041 90 Ko\u0161ice<\/td><td>055\/6152666<br>0911103825<\/td><td>spankove.kosice@unlp.sk<\/td><td><\/td><\/tr><tr><td class=\"has-text-align-left\" data-align=\"left\">Sp\u00e1nkov\u00e9 laborat\u00f3rium pri KPaF I. UNB Ru\u017einov<\/td><td class=\"has-text-align-left\" data-align=\"left\">Univerzitn\u00e1 nemocnica <br>Bratislava &#8211; Nemocnica Ru\u017einov<br>Ru\u017einovsk\u00e1 \u010d. 6<br>826 06 Bratislava<\/td><td><br>0903630217<\/td><td>kasa@ru.unb.sk<\/td><td><\/td><\/tr><tr><td class=\"has-text-align-left\" data-align=\"left\">Sp\u00e1nkov\u00e9 laborat\u00f3rium Tinta-Ink s.r.o.<\/td><td class=\"has-text-align-left\" data-align=\"left\">Stroj\u00e1rensk\u00e1 13, 040 11 Ko\u0161ice<br>Hodnotiace centrum: Pneumologick\u00e1 ambulancia, Rastislavova 45 <br>040 01 Ko\u0161ice<\/td><td>055\/640449<br>0905611454<\/td><td>donic.viliam@gmail.com<br>tinta-ink@tinta-ink.sk<br><\/td><td><\/td><\/tr><tr><td class=\"has-text-align-left\" data-align=\"left\">Sp\u00e1nkov\u00e9 laborat\u00f3rium &#8211; \u0160pecializovan\u00e1 nemocnica Sv. Svorada<\/td><td class=\"has-text-align-left\" data-align=\"left\">Kl\u00e1\u0161torsk\u00e1 134<br>Nitra &#8211; Zobor<br>949 88 Nitra<\/td><td>037\/6941267<br>037\/6941367<\/td><td>ambpaf4@snzobor.sk<\/td><td><\/td><\/tr><tr><td class=\"has-text-align-left\" data-align=\"left\">Sp\u00e1nkov\u00e9 laborat\u00f3rium pri Neurologickej klinike UN LP a LF UPJ\u0160 Ko\u0161ice<\/td><td class=\"has-text-align-left\" data-align=\"left\">Tr. SNP 1<br>040 66 Ko\u0161ice<\/td><td>055\/6403789<\/td><td>eva.feketeova@upjs.sk<\/td><td><\/td><\/tr><tr><td class=\"has-text-align-left\" data-align=\"left\">Sp\u00e1nkov\u00e9 laborat\u00f3rium SOMNOLAB s.r.o.<\/td><td class=\"has-text-align-left\" data-align=\"left\">Ru\u017einovsk\u00e1 poliklinika<br>Ru\u017einovsk\u00e1 10<br>820 07 Bratislava<\/td><td>0905200534<br>0907310703<\/td><td>spanok@somnolab.sk<br>imucska@gmail.com<\/td><td><\/td><\/tr><tr><td class=\"has-text-align-left\" data-align=\"left\">Sp\u00e1nkov\u00e9 laborat\u00f3rium Pneumo-Alergo Centrum s.r.o.<\/td><td class=\"has-text-align-left\" data-align=\"left\">\u00dadern\u00edcka 1<br>851 06 Bratislava<\/td><td>02\/40202111<br>02\/40202012<\/td><td>drugdova@pac.sk, recepcia@pac.sk<\/td><td><\/td><\/tr><tr><td class=\"has-text-align-left\" data-align=\"left\">Centrum detskej sp\u00e1nkovej medic\u00edny<\/td><td class=\"has-text-align-left\" data-align=\"left\">Klinika det\u00ed a dorastu <br>JLF UK a UNM<br>Univerzitn\u00e1 nemocnica Martin<br>Koll\u00e1rova 2<br>036 59 Martin<\/td><td>043 4203162<\/td><td>spanokkdad@gmail.com<br>spanokkdad@unm.sk<\/td><td><\/td><\/tr><tr><td class=\"has-text-align-left\" data-align=\"left\">Sp\u00e1nkov\u00e9 laborat\u00f3rium Psychiatrickej kliniky FN Tren\u010d\u00edn<br><mark style=\"background-color:rgba(0, 0, 0, 0)\" class=\"has-inline-color has-vivid-red-color\">!\u010cinnos\u0165 na rok 2025 pozastaven\u00e1!<\/mark><\/td><td class=\"has-text-align-left\" data-align=\"left\">FN Tren\u010d\u00edn<br>Legion\u00e1rska 28, 911 71 Tren\u010d\u00edn<\/td><td><\/td><td><\/td><td><\/td><\/tr><tr><td class=\"has-text-align-left\" data-align=\"left\">Sp\u00e1nkov\u00e9 laborat\u00f3rium Oddelenie TBC a&nbsp;p\u013e\u00facnych chor\u00f4b FN Tren\u010d\u00edn<\/td><td class=\"has-text-align-left\" data-align=\"left\">Legion\u00e1rska 28, Tren\u010d\u00edn 91101<\/td><td>032\/6566889<br>032\/6566488<\/td><td>spankovelab@gmail.com<\/td><td><\/td><\/tr><tr><td class=\"has-text-align-left\" data-align=\"left\">Sp\u00e1nkov\u00e9 laborat\u00f3rium Sanat\u00f3rium Tatransk\u00e1 Kotlina<br><br><\/td><td class=\"has-text-align-left\" data-align=\"left\">Sanat\u00f3rium Tatransk\u00e1 Kotlina, n.o. Odborn\u00fd lie\u010debn\u00fd \u00fastav<br>Tatransk\u00e1 Kotlina 68<br>059 54 Vysok\u00e9 Tatry<\/td><td>0918758290<\/td><td>infopk@santk.sk<br>www.santk.sk<\/td><td><\/td><\/tr><tr><td class=\"has-text-align-left\" data-align=\"left\">Sp\u00e1nkov\u00e9 centrum REM s.r.o.<\/td><td class=\"has-text-align-left\" data-align=\"left\">Gemersk\u00e1 2068\/3<br>040 11 Ko\u0161ice \u2013 mestsk\u00e1 \u010das\u0165 JUH<\/td><td>+421 904 994 148<\/td><td>info@screm.sk<\/td><td><\/td><\/tr><tr><td class=\"has-text-align-left\" data-align=\"left\"><br>Sp\u00e1nkov\u00e9 laborat\u00f3rium NsP Michalovce <br><\/td><td class=\"has-text-align-left\" data-align=\"left\">NsP \u0160. Kukuru, a.s. \u0160pit\u00e1lska 2, 07 101 Michalovce<\/td><td>056\/6416731<\/td><td>lubomir.slavik@pentahospital.sk<br>daniela.rihosekova@pentahospital.sk<\/td><td><\/td><\/tr><tr><td class=\"has-text-align-left\" data-align=\"left\">Sp\u00e1nkov\u00e9 laborat\u00f3rium N\u00daTPCHaHCH Vy\u0161n\u00e9 H\u00e1gy<\/td><td class=\"has-text-align-left\" data-align=\"left\">Vy\u0161n\u00e9 H\u00e1gy 1<br>05984 Vy\u0161n\u00e9 H\u00e1gy<\/td><td>052\/4414510<\/td><td>hagy@vhagy.sk<\/td><td><\/td><\/tr><tr><td class=\"has-text-align-left\" data-align=\"left\">Sp\u00e1nkov\u00e9 laborat\u00f3rium pri Klinike Detskej PaF N\u00daDCH Bratislava<\/td><td class=\"has-text-align-left\" data-align=\"left\">Limbova 1 Bratislava 833 40<\/td><td>02\/59371 kl. 392<\/td><td>pneumopb1@nudch.eu<\/td><td><\/td><\/tr><tr><td class=\"has-text-align-left\" data-align=\"left\">Sp\u00e1nkov\u00e9 laborat\u00f3rium pri Klinike detskej neurol\u00f3gie LFUK a N\u00daDCH<\/td><td class=\"has-text-align-left\" data-align=\"left\">Limbova 1 Bratislava 833 40<\/td><td>02 59371 674<\/td><td>lucia.svecova@nudch.eu<\/td><td><\/td><\/tr><tr><td class=\"has-text-align-left\" data-align=\"left\">Detsk\u00e9 sp\u00e1nkov\u00e9 laborat\u00f3rium N\u00daDTaRCH, n.o., Doln\u00fd Smokovec<\/td><td class=\"has-text-align-left\" data-align=\"left\">Doln\u00fd Smokovec, 160 70, PS\u010c 05971<\/td><td>+421524412120<br><\/td><td>spankove.laboratorium@nudtrch.sk<br>tomas.strachan@nudtarch.sk<\/td><td><\/td><\/tr><tr><td class=\"has-text-align-left\" data-align=\"left\">Sp\u00e1nkov\u00e9 laborat\u00f3rium CS-MEDIKLINIK, s.r.o.<\/td><td class=\"has-text-align-left\" data-align=\"left\">Pri Tureckom kopci 1400\/5, Most pri Bratislave, 900 46<\/td><td>+421221026410<br>+421915547097<\/td><td>info@mediklinik.sk<\/td><td><\/td><\/tr><\/tbody><\/table><\/figure>\n\n\n\n<div class=\"wp-block-group is-nowrap is-layout-flex wp-container-core-group-is-layout-3 wp-block-group-is-layout-flex\"><\/div>\n<\/div><\/div>\n\n\n\n<p><\/p>\n<\/div><\/div>\n<\/div>\n<\/div>\n<\/div>\n<\/div>\n<\/div><\/div>\n\n\n\n<div class=\"wp-block-file alignleft\"><a> \n       Zoznam akreditovan\u00fdch sp\u00e1nkov\u00fdch laborat\u00f3ri\u00ed k 18.2.2025:<\/a><a href=\"https:\/\/zdravyspanok.sk\/wp-content\/uploads\/2025\/ZOZNAM%20sp%C3%A1nkov%C3%BDch%20laboratori%C3%AD%20akreditovan%C3%BDch%20SSSM%20k%2018.02.2025.doc\" class=\"wp-block-file__button\" download=\"\">Stiahnu\u0165<\/a><\/div>\n\n\n\n<div class=\"wp-block-columns alignwide are-vertically-aligned-center is-layout-flex wp-container-core-columns-is-layout-5 wp-block-columns-is-layout-flex\">\n<div class=\"wp-block-column is-vertically-aligned-center is-layout-flow wp-block-column-is-layout-flow\" style=\"flex-basis:50%\">\n<div class=\"wp-block-columns is-layout-flex wp-container-core-columns-is-layout-4 wp-block-columns-is-layout-flex\">\n<div class=\"wp-block-column is-layout-flow wp-block-column-is-layout-flow\" style=\"flex-basis:100%\">\n<div class=\"wp-block-group alignwide\"><div class=\"wp-block-group__inner-container is-layout-flow wp-block-group-is-layout-flow\"><\/div><\/div>\n<\/div>\n<\/div>\n<\/div>\n<\/div>\n\n\n\n<p><\/p>\n","protected":false},"excerpt":{"rendered":"<p>Mapa a zoznam akreditovan\u00fdch sp\u00e1nkov\u00fdch laborat\u00f3ri\u00ed v SR k 18.02.2025 N\u00e1zov Adresa Telef\u00f3n Kontakt Pozn\u00e1mka Sp\u00e1nkov\u00e9 laborat\u00f3rium &#8211; I. Neurologick\u00e1 klinika UNB a LFUK Univerzitn\u00e1 nemocnica Bratislava &#8211; Nemocnica Star\u00e9 mestoMickiewiczova 13813 69 Bratislava 02\/57290440 (konzulta\u010dn\u00e9 hodiny: 10:00-11:00 a 13:00-14:00)02\/57290646 spankovestaremesto@gmail.com V\u00e1\u017een\u00ed pacienti, ak m\u00e1te podozrenie na pr\u00edtomnos\u0165 sp\u00e1nkov\u00e9ho apnoe, najsk\u00f4r V\u00e1s popros\u00edme o absolvovanie &hellip;<br \/><a href=\"https:\/\/zdravyspanok.sk\/?page_id=336\" class=\"more-link pen_button pen_element_default pen_icon_arrow_double\">\u010c\u00edta\u0165 \u010falej <span class=\"screen-reader-text\">Akreditovan\u00e9 laborat\u00f3ria<\/span><\/a><\/p>\n","protected":false},"author":1,"featured_media":0,"parent":0,"menu_order":0,"comment_status":"closed","ping_status":"closed","template":"","meta":{"footnotes":""},"_links":{"self":[{"href":"https:\/\/zdravyspanok.sk\/index.php?rest_route=\/wp\/v2\/pages\/336"}],"collection":[{"href":"https:\/\/zdravyspanok.sk\/index.php?rest_route=\/wp\/v2\/pages"}],"about":[{"href":"https:\/\/zdravyspanok.sk\/index.php?rest_route=\/wp\/v2\/types\/page"}],"author":[{"embeddable":true,"href":"https:\/\/zdravyspanok.sk\/index.php?rest_route=\/wp\/v2\/users\/1"}],"replies":[{"embeddable":true,"href":"https:\/\/zdravyspanok.sk\/index.php?rest_route=%2Fwp%2Fv2%2Fcomments&post=336"}],"version-history":[{"count":87,"href":"https:\/\/zdravyspanok.sk\/index.php?rest_route=\/wp\/v2\/pages\/336\/revisions"}],"predecessor-version":[{"id":1293,"href":"https:\/\/zdravyspanok.sk\/index.php?rest_route=\/wp\/v2\/pages\/336\/revisions\/1293"}],"wp:attachment":[{"href":"https:\/\/zdravyspanok.sk\/index.php?rest_route=%2Fwp%2Fv2%2Fmedia&parent=336"}],"curies":[{"name":"wp","href":"https:\/\/api.w.org\/{rel}","templated":true}]}}