{"id":600,"date":"2021-05-09T23:08:13","date_gmt":"2021-05-09T21:08:13","guid":{"rendered":"https:\/\/localhost\/wordpress\/?page_id=600"},"modified":"2021-05-12T13:27:06","modified_gmt":"2021-05-12T11:27:06","slug":"narkolepsia","status":"publish","type":"page","link":"https:\/\/zdravyspanok.sk\/?page_id=600","title":{"rendered":"Narkolepsia"},"content":{"rendered":"\n<section class=\"wp-block-uagb-section uagb-section__wrap uagb-section__background-undefined uagb-block-a89e19ac\"><div class=\"uagb-section__overlay\"><\/div><div class=\"uagb-section__inner-wrap\">\n<h2 class=\"wp-block-heading\">Inform\u00e1cie pre pacientov<\/h2>\n\n\n\n<div style=\"height:50px\" aria-hidden=\"true\" class=\"wp-block-spacer\"><\/div>\n\n\n\n<h4 class=\"wp-block-heading\">Medializovan\u00e1 spr\u00e1va o narkolepsii:<\/h4>\n\n\n\n<figure class=\"wp-block-embed is-type-video is-provider-youtube wp-block-embed-youtube wp-embed-aspect-16-9 wp-has-aspect-ratio\"><div class=\"wp-block-embed__wrapper\">\n<iframe loading=\"lazy\" title=\"Pacienti s narkolepsiou ohrozuj\u00fa seba aj ostatn\u00fdch\" width=\"1600\" height=\"900\" src=\"https:\/\/www.youtube.com\/embed\/brlSgzO2Ylw?feature=oembed\" frameborder=\"0\" allow=\"accelerometer; autoplay; clipboard-write; encrypted-media; gyroscope; picture-in-picture\" allowfullscreen><\/iframe>\n<\/div><\/figure>\n\n\n\n<div style=\"height:30px\" aria-hidden=\"true\" class=\"wp-block-spacer\"><\/div>\n\n\n\n<h4 class=\"wp-block-heading\">Odkaz na medzin\u00e1rodn\u00e9 zdru\u017eenie pre v\u00fdskum narkolepsie:<\/h4>\n\n\n\n<p><a href=\"https:\/\/www.eu-nn.com\/media\/\">https:\/\/www.eu-nn.com\/media\/<\/a><\/p>\n\n\n\n<div style=\"height:30px\" aria-hidden=\"true\" class=\"wp-block-spacer\"><\/div>\n\n\n\n<h4 class=\"wp-block-heading\">Pr\u00edlohy:<\/h4>\n\n\n\n<section class=\"wp-block-uagb-section uagb-section__wrap uagb-section__background-undefined uagb-block-b8999955 download_box_overlay\"><div class=\"uagb-section__overlay\"><\/div><div class=\"uagb-section__inner-wrap\">\n<h4 class=\"wp-block-heading\">Kr\u00e1tka infrorm\u00e1cia ur\u010den\u00e1 pacientom<\/h4>\n\n\n\n<div class=\"wp-block-file zarovnanie_stiahnut\"><a href=\"https:\/\/zdravyspanok.sk\/wp-content\/uploads\/2021\/05\/Narkolepsia.docx\" class=\"wp-block-file__button\" download>Stiahnu\u0165<\/a><\/div>\n<\/div><\/section>\n\n\n\n<section class=\"wp-block-uagb-section uagb-section__wrap uagb-section__background-undefined uagb-block-b48c566b download_box_overlay\"><div class=\"uagb-section__overlay\"><\/div><div class=\"uagb-section__inner-wrap\">\n<h4 class=\"wp-block-heading\">Medzin\u00e1rodn\u00fd de\u0148 zriedkav\u00fdch ochoren\u00ed<\/h4>\n\n\n\n<div class=\"wp-block-file zarovnanie_stiahnut\"><a href=\"https:\/\/zdravyspanok.sk\/wp-content\/uploads\/2021\/05\/Mili-priatelia.docx\" class=\"wp-block-file__button\" download>Stiahnu\u0165<\/a><\/div>\n<\/div><\/section>\n<\/div><\/section>\n","protected":false},"excerpt":{"rendered":"","protected":false},"author":1,"featured_media":0,"parent":0,"menu_order":0,"comment_status":"closed","ping_status":"closed","template":"","meta":{"footnotes":""},"_links":{"self":[{"href":"https:\/\/zdravyspanok.sk\/index.php?rest_route=\/wp\/v2\/pages\/600"}],"collection":[{"href":"https:\/\/zdravyspanok.sk\/index.php?rest_route=\/wp\/v2\/pages"}],"about":[{"href":"https:\/\/zdravyspanok.sk\/index.php?rest_route=\/wp\/v2\/types\/page"}],"author":[{"embeddable":true,"href":"https:\/\/zdravyspanok.sk\/index.php?rest_route=\/wp\/v2\/users\/1"}],"replies":[{"embeddable":true,"href":"https:\/\/zdravyspanok.sk\/index.php?rest_route=%2Fwp%2Fv2%2Fcomments&post=600"}],"version-history":[{"count":7,"href":"https:\/\/zdravyspanok.sk\/index.php?rest_route=\/wp\/v2\/pages\/600\/revisions"}],"predecessor-version":[{"id":882,"href":"https:\/\/zdravyspanok.sk\/index.php?rest_route=\/wp\/v2\/pages\/600\/revisions\/882"}],"wp:attachment":[{"href":"https:\/\/zdravyspanok.sk\/index.php?rest_route=%2Fwp%2Fv2%2Fmedia&parent=600"}],"curies":[{"name":"wp","href":"https:\/\/api.w.org\/{rel}","templated":true}]}}