{"id":760,"date":"2021-07-09T13:43:53","date_gmt":"2021-07-09T11:43:53","guid":{"rendered":"https:\/\/zdravyspanok.sk\/?page_id=760"},"modified":"2022-01-19T15:25:52","modified_gmt":"2022-01-19T14:25:52","slug":"stanoviska-sssm","status":"publish","type":"page","link":"https:\/\/zdravyspanok.sk\/?page_id=760","title":{"rendered":"Stanovisk\u00e1 SSSM"},"content":{"rendered":"\n<section class=\"wp-block-uagb-section uagb-section__wrap uagb-section__background-undefined uagb-block-c3dc049c download_box_overlay\"><div class=\"uagb-section__overlay\"><\/div><div class=\"uagb-section__inner-wrap\">\n<h2>Stanovisko SSSM k diagnostike a lie\u010dbe  OSA u dospel\u00fdch po\u010das  pand\u00e9mie Covid 19<\/h2>\n\n<div class=\"wp-block-file zarovnanie_stiahnut\"><a href=\"https:\/\/zdravyspanok.sk\/wp-content\/uploads\/2022\/01\/Stanovisko%20SSSM%20k%20diagnostike%20a%20lie%C4%8Dbe%20%20OSA%20u%20dospel%C3%BDch%20po%C4%8Das%20%20pand%C3%A9mie%20Covid%2019.11.2021.pdf\" class=\"wp-block-file__button\" download=\"\">Stiahnu\u0165<\/a><\/div>\n<p><\/p>\n<\/div><\/section>\n\n\n\n\n<section class=\"wp-block-uagb-section uagb-section__wrap uagb-section__background-undefined uagb-block-c3dc049c download_box_overlay\"><div class=\"uagb-section__overlay\"><\/div><div class=\"uagb-section__inner-wrap\">\n<h2>Stanovisko SSSM  k  CPAP lie\u010dbe dospel\u00fdch  \u0160TDP  11.11.2021<\/h2>\n\n<div class=\"wp-block-file zarovnanie_stiahnut\"><a href=\"https:\/\/zdravyspanok.sk\/wp-content\/uploads\/2022\/01\/Stanovisko%20SSSM%20%20k%20%20CPAP%20lie%C4%8Dbe%20dospel%C3%BDch%20%20%C5%A0TDP%20%2011.11.2021.pdf\" class=\"wp-block-file__button\" download=\"\">Stiahnu\u0165<\/a><\/div>\n<p><\/p>\n<\/div><\/section>\n\n\n\n<section class=\"wp-block-uagb-section uagb-section__wrap uagb-section__background-undefined uagb-block-c3dc049c download_box_overlay\"><div class=\"uagb-section__overlay\"><\/div><div class=\"uagb-section__inner-wrap\">\n\n<h2 class=\"wp-block-heading\">Stanovisko v\u00fdboru SSSM &#8211; pr\u00edstroje Philips<\/h2>\n\n\n<div class=\"wp-block-file zarovnanie_stiahnut\"><a href=\"https:\/\/zdravyspanok.sk\/wp-content\/uploads\/2021\/07\/Stanovisko v\u00fdboru  SSSM  - pr\u00edstroje Philips.pdf\" class=\"wp-block-file__button\" download=\"\">Stiahnu\u0165<\/a><\/div>\n\n\n<p><\/p>\n\n<\/div><\/section>\n\n\n\n<section class=\"wp-block-uagb-section uagb-section__wrap uagb-section__background-undefined uagb-block-af4fc101 download_box_overlay\"><div class=\"uagb-section__overlay\"><\/div><div class=\"uagb-section__inner-wrap\">\n<h2>Vyhl\u00e1senie &#8211; pr\u00edstroje Philips<\/h2>\n<div class=\"wp-block-file zarovnanie_stiahnut\"><a href=\"https:\/\/zdravyspanok.sk\/wp-content\/uploads\/2021\/07\/Philips pr\u00edstroje - Vyhl\u00e1senie.pdf\" class=\"wp-block-file__button\" download=\"\">Stiahnu\u0165<\/a><\/div>\n<p><\/p>\n<\/div><\/section>\n\n\n\n<p><\/p>\n\n\n\n<p><\/p>\n","protected":false},"excerpt":{"rendered":"<p>Stanovisko SSSM k diagnostike a lie\u010dbe OSA u dospel\u00fdch po\u010das pand\u00e9mie Covid 19 Stiahnu\u0165 Stanovisko SSSM k CPAP lie\u010dbe dospel\u00fdch \u0160TDP 11.11.2021 Stiahnu\u0165 Vyhl\u00e1senie &#8211; pr\u00edstroje Philips Stiahnu\u0165<\/p>\n","protected":false},"author":1,"featured_media":0,"parent":0,"menu_order":0,"comment_status":"closed","ping_status":"closed","template":"","meta":{"footnotes":""},"_links":{"self":[{"href":"https:\/\/zdravyspanok.sk\/index.php?rest_route=\/wp\/v2\/pages\/760"}],"collection":[{"href":"https:\/\/zdravyspanok.sk\/index.php?rest_route=\/wp\/v2\/pages"}],"about":[{"href":"https:\/\/zdravyspanok.sk\/index.php?rest_route=\/wp\/v2\/types\/page"}],"author":[{"embeddable":true,"href":"https:\/\/zdravyspanok.sk\/index.php?rest_route=\/wp\/v2\/users\/1"}],"replies":[{"embeddable":true,"href":"https:\/\/zdravyspanok.sk\/index.php?rest_route=%2Fwp%2Fv2%2Fcomments&post=760"}],"version-history":[{"count":12,"href":"https:\/\/zdravyspanok.sk\/index.php?rest_route=\/wp\/v2\/pages\/760\/revisions"}],"predecessor-version":[{"id":947,"href":"https:\/\/zdravyspanok.sk\/index.php?rest_route=\/wp\/v2\/pages\/760\/revisions\/947"}],"wp:attachment":[{"href":"https:\/\/zdravyspanok.sk\/index.php?rest_route=%2Fwp%2Fv2%2Fmedia&parent=760"}],"curies":[{"name":"wp","href":"https:\/\/api.w.org\/{rel}","templated":true}]}}