{"id":893,"date":"2021-11-04T06:50:50","date_gmt":"2021-11-04T05:50:50","guid":{"rendered":"https:\/\/zdravyspanok.sk\/?page_id=893"},"modified":"2021-11-04T09:42:35","modified_gmt":"2021-11-04T08:42:35","slug":"neinvazivny-manazment-respiracnej-insuficiencie-pri-covid-19","status":"publish","type":"page","link":"https:\/\/zdravyspanok.sk\/?page_id=893","title":{"rendered":"Neinvaz\u00edvny mana\u017ement respira\u010dnej insuficiencie pri Covid 19"},"content":{"rendered":"\n<p class=\"wp-block-pdfemb-pdf-embedder-viewer\">\n<iframe src=\"https:\/\/zdravyspanok.sk\/wp-content\/uploads\/2021\/10\/Neinvaz%C3%ADvny%20mana%C5%BEment%20respira%C4%8Dnej%20insuficiencie%20pri%20Covid%2019.pdf\n\"width=\"100%\" height=\"500px\">\n<\/iframe><\/p>\n\n\n\n<p><\/p>\n","protected":false},"excerpt":{"rendered":"","protected":false},"author":1,"featured_media":0,"parent":0,"menu_order":0,"comment_status":"closed","ping_status":"closed","template":"","meta":{"footnotes":""},"_links":{"self":[{"href":"https:\/\/zdravyspanok.sk\/index.php?rest_route=\/wp\/v2\/pages\/893"}],"collection":[{"href":"https:\/\/zdravyspanok.sk\/index.php?rest_route=\/wp\/v2\/pages"}],"about":[{"href":"https:\/\/zdravyspanok.sk\/index.php?rest_route=\/wp\/v2\/types\/page"}],"author":[{"embeddable":true,"href":"https:\/\/zdravyspanok.sk\/index.php?rest_route=\/wp\/v2\/users\/1"}],"replies":[{"embeddable":true,"href":"https:\/\/zdravyspanok.sk\/index.php?rest_route=%2Fwp%2Fv2%2Fcomments&post=893"}],"version-history":[{"count":3,"href":"https:\/\/zdravyspanok.sk\/index.php?rest_route=\/wp\/v2\/pages\/893\/revisions"}],"predecessor-version":[{"id":907,"href":"https:\/\/zdravyspanok.sk\/index.php?rest_route=\/wp\/v2\/pages\/893\/revisions\/907"}],"wp:attachment":[{"href":"https:\/\/zdravyspanok.sk\/index.php?rest_route=%2Fwp%2Fv2%2Fmedia&parent=893"}],"curies":[{"name":"wp","href":"https:\/\/api.w.org\/{rel}","templated":true}]}}