{"id":975,"date":"2022-04-19T09:56:06","date_gmt":"2022-04-19T07:56:06","guid":{"rendered":"https:\/\/zdravyspanok.sk\/?page_id=975"},"modified":"2026-04-12T20:05:39","modified_gmt":"2026-04-12T18:05:39","slug":"zakladne-informacie","status":"publish","type":"page","link":"https:\/\/zdravyspanok.sk\/?page_id=975","title":{"rendered":"Z\u00e1kladn\u00e9 inform\u00e1cie"},"content":{"rendered":"\n<h2 class=\"wp-block-heading has-text-align-center\"><strong>Certifikovan\u00e1 pracovn\u00e1 \u010dinnos\u0165<\/strong><\/h2>\n\n\n\n<h2 class=\"wp-block-heading has-text-align-center\"><strong>SOMNOL\u00d3GIA<\/strong><br><br><\/h2>\n\n\n\n<p>Vzdel\u00e1vanie zdravotn\u00edcky pracovn\u00edkov pre zdravotn\u00edcke povolanie lek\u00e1r v&nbsp;odbore sp\u00e1nkov\u00e1 medic\u00edna zah\u0155\u0148a certifika\u010dn\u00fa pr\u00edpravu v&nbsp;akreditovanom certifika\u010dnom \u0161tudijnom programe Somnol\u00f3gia. Somnol\u00f3gia je certifikovan\u00e1 pracovn\u00e1 \u010dinnos\u0165, ktor\u00e1 sa zaober\u00e1 diagnostikou a lie\u010dbou por\u00fach sp\u00e1nku a bdenia a poruchami \u017eivotn\u00fdch funkci\u00ed po\u010das sp\u00e1nku vr\u00e1tane diferenci\u00e1lnej diagnostiky nevyhnutnej pre potvrdenie diagn\u00f3zy a lie\u010dby syndr\u00f3mu ob\u0161truk\u010dn\u00e9ho sp\u00e1nkov\u00e9ho apnoe spojen\u00e9ho s ospalos\u0165ou u vodi\u010dov a \u017eiadate\u013eov o vodi\u010dsk\u00e9 opr\u00e1vnenie. Certifika\u010dn\u00e1 pr\u00edprava trv\u00e1 najmenej jeden rok a nadv\u00e4zuje na \u0161pecializ\u00e1ciu v \u0161pecializa\u010dnom odbore pneumol\u00f3gia a ftizeol\u00f3gia, vn\u00fatorn\u00e9 lek\u00e1rstvo, neurol\u00f3gia, ORL, pediatria, psychiatria alebo anest\u00e9ziol\u00f3gia a intenz\u00edvna medic\u00edna.<\/p>\n\n\n\n<p>Aktu\u00e1lne je CP\u010c Somnol\u00f3gia akreditovan\u00e1 na Lek\u00e1rskej fakulte UPJ\u0160 v&nbsp;Ko\u0161iciach. Bli\u017e\u0161ie inform\u00e1cie o&nbsp;prihl\u00e1\u0161ke, n\u00e1plni, podmienkach, certifika\u010dn\u00fdch kurzoch a&nbsp;sk\u00fa\u0161kach n\u00e1jdete na <a href=\"https:\/\/www.upjs.sk\/lekarska-fakulta\/studenti-lf\/dalsie-vzdelavanie\">str\u00e1nke<\/a><\/p>\n\n\n\n<p><\/p>\n\n\n\n<p><\/p>\n\n\n\n<p class=\"has-text-align-left\"><\/p>\n\n\n\n<p><\/p>\n","protected":false},"excerpt":{"rendered":"<p>Certifikovan\u00e1 pracovn\u00e1 \u010dinnos\u0165 SOMNOL\u00d3GIA Vzdel\u00e1vanie zdravotn\u00edcky pracovn\u00edkov pre zdravotn\u00edcke povolanie lek\u00e1r v&nbsp;odbore sp\u00e1nkov\u00e1 medic\u00edna zah\u0155\u0148a certifika\u010dn\u00fa pr\u00edpravu v&nbsp;akreditovanom certifika\u010dnom \u0161tudijnom programe Somnol\u00f3gia. Somnol\u00f3gia je certifikovan\u00e1 pracovn\u00e1 \u010dinnos\u0165, ktor\u00e1 sa zaober\u00e1 diagnostikou a lie\u010dbou por\u00fach sp\u00e1nku a bdenia a poruchami \u017eivotn\u00fdch funkci\u00ed po\u010das sp\u00e1nku vr\u00e1tane diferenci\u00e1lnej diagnostiky nevyhnutnej pre potvrdenie diagn\u00f3zy a lie\u010dby syndr\u00f3mu ob\u0161truk\u010dn\u00e9ho sp\u00e1nkov\u00e9ho &hellip;<br \/><a href=\"https:\/\/zdravyspanok.sk\/?page_id=975\" class=\"more-link pen_button pen_element_default pen_icon_arrow_double\">\u010c\u00edta\u0165 \u010falej <span class=\"screen-reader-text\">Z\u00e1kladn\u00e9 inform\u00e1cie<\/span><\/a><\/p>\n","protected":false},"author":1,"featured_media":0,"parent":0,"menu_order":0,"comment_status":"closed","ping_status":"closed","template":"","meta":{"footnotes":""},"_links":{"self":[{"href":"https:\/\/zdravyspanok.sk\/index.php?rest_route=\/wp\/v2\/pages\/975"}],"collection":[{"href":"https:\/\/zdravyspanok.sk\/index.php?rest_route=\/wp\/v2\/pages"}],"about":[{"href":"https:\/\/zdravyspanok.sk\/index.php?rest_route=\/wp\/v2\/types\/page"}],"author":[{"embeddable":true,"href":"https:\/\/zdravyspanok.sk\/index.php?rest_route=\/wp\/v2\/users\/1"}],"replies":[{"embeddable":true,"href":"https:\/\/zdravyspanok.sk\/index.php?rest_route=%2Fwp%2Fv2%2Fcomments&post=975"}],"version-history":[{"count":7,"href":"https:\/\/zdravyspanok.sk\/index.php?rest_route=\/wp\/v2\/pages\/975\/revisions"}],"predecessor-version":[{"id":1298,"href":"https:\/\/zdravyspanok.sk\/index.php?rest_route=\/wp\/v2\/pages\/975\/revisions\/1298"}],"wp:attachment":[{"href":"https:\/\/zdravyspanok.sk\/index.php?rest_route=%2Fwp%2Fv2%2Fmedia&parent=975"}],"curies":[{"name":"wp","href":"https:\/\/api.w.org\/{rel}","templated":true}]}}